{"id":1258,"date":"2025-01-24T15:41:32","date_gmt":"2025-01-24T15:41:32","guid":{"rendered":"https:\/\/themelium.com\/?page_id=1258"},"modified":"2025-11-20T13:24:44","modified_gmt":"2025-11-20T13:24:44","slug":"terms-and-conditions","status":"publish","type":"page","link":"https:\/\/themelium.com\/es\/terms-and-conditions\/","title":{"rendered":"T\u00e9rminos y Condiciones"},"content":{"rendered":"<style>.elementor-1258 .elementor-element.elementor-element-6a27cbeb{--display:flex;--flex-direction:column;--container-widget-width:100%;--container-widget-height:initial;--container-widget-flex-grow:0;--container-widget-align-self:initial;--flex-wrap-mobile:wrap;--padding-top:3rem;--padding-bottom:5rem;--padding-left:1rem;--padding-right:1rem;}.elementor-1258 .elementor-element.elementor-element-5a21a23b{text-align:center;}.elementor-1258 .elementor-element.elementor-element-5a21a23b .elementor-heading-title{font-family:var( --e-global-typography-4dc23a4-font-family ), Sans-serif;font-size:var( --e-global-typography-4dc23a4-font-size );font-weight:var( --e-global-typography-4dc23a4-font-weight );line-height:var( --e-global-typography-4dc23a4-line-height );letter-spacing:var( --e-global-typography-4dc23a4-letter-spacing );word-spacing:var( --e-global-typography-4dc23a4-word-spacing );color:var( --e-global-color-67a0e96 );}.elementor-1258 .elementor-element.elementor-element-258928a3{--display:flex;--border-radius:20px 20px 20px 20px;--padding-top:15px;--padding-bottom:15px;--padding-left:15px;--padding-right:15px;}.elementor-1258 .elementor-element.elementor-element-258928a3:not(.elementor-motion-effects-element-type-background), .elementor-1258 .elementor-element.elementor-element-258928a3 > .elementor-motion-effects-container > .elementor-motion-effects-layer{background-color:var( --e-global-color-a2c40ee );}.elementor-1258 .elementor-element.elementor-element-4870a0af{text-align:start;font-family:var( --e-global-typography-2d6599e-font-family ), Sans-serif;font-size:var( --e-global-typography-2d6599e-font-size );font-weight:var( --e-global-typography-2d6599e-font-weight );line-height:var( --e-global-typography-2d6599e-line-height );letter-spacing:var( --e-global-typography-2d6599e-letter-spacing );word-spacing:var( --e-global-typography-2d6599e-word-spacing );color:var( --e-global-color-67a0e96 );}:root{--page-title-display:none;}@media(max-width:1024px){.elementor-1258 .elementor-element.elementor-element-5a21a23b .elementor-heading-title{font-size:var( --e-global-typography-4dc23a4-font-size );line-height:var( --e-global-typography-4dc23a4-line-height );letter-spacing:var( --e-global-typography-4dc23a4-letter-spacing );word-spacing:var( --e-global-typography-4dc23a4-word-spacing );}.elementor-1258 .elementor-element.elementor-element-4870a0af{font-size:var( --e-global-typography-2d6599e-font-size );line-height:var( --e-global-typography-2d6599e-line-height );letter-spacing:var( --e-global-typography-2d6599e-letter-spacing );word-spacing:var( --e-global-typography-2d6599e-word-spacing );}}@media(max-width:767px){.elementor-1258 .elementor-element.elementor-element-5a21a23b .elementor-heading-title{font-size:var( --e-global-typography-4dc23a4-font-size );line-height:var( --e-global-typography-4dc23a4-line-height );letter-spacing:var( --e-global-typography-4dc23a4-letter-spacing );word-spacing:var( --e-global-typography-4dc23a4-word-spacing );}.elementor-1258 .elementor-element.elementor-element-4870a0af{font-size:var( --e-global-typography-2d6599e-font-size );line-height:var( --e-global-typography-2d6599e-line-height );letter-spacing:var( --e-global-typography-2d6599e-letter-spacing );word-spacing:var( --e-global-typography-2d6599e-word-spacing );}}<\/style>\t\t<div data-elementor-type=\"wp-page\" data-elementor-id=\"1258\" class=\"elementor elementor-1258\" data-elementor-post-type=\"page\">\n\t\t\t\t<div class=\"elementor-element elementor-element-6a27cbeb e-flex e-con-boxed e-con e-parent\" data-id=\"6a27cbeb\" data-element_type=\"container\" data-e-type=\"container\">\n\t\t\t\t\t<div class=\"e-con-inner\">\n\t\t\t\t<div class=\"elementor-element elementor-element-5a21a23b elementor-widget elementor-widget-heading\" data-id=\"5a21a23b\" data-element_type=\"widget\" data-e-type=\"widget\" data-widget_type=\"heading.default\">\n\t\t\t\t<div class=\"elementor-widget-container\">\n\t\t\t\t\t<h2 class=\"elementor-heading-title elementor-size-default\">T\u00c9RMINOS Y CONDICIONES - THEMELIUM&amp;CO;<\/h2>\t\t\t\t<\/div>\n\t\t\t\t<\/div>\n\t\t<div class=\"elementor-element elementor-element-258928a3 e-con-full e-flex e-con e-child\" data-id=\"258928a3\" data-element_type=\"container\" data-e-type=\"container\" data-settings=\"{&quot;background_background&quot;:&quot;classic&quot;}\">\n\t\t\t\t<div class=\"elementor-element elementor-element-4870a0af elementor-widget elementor-widget-text-editor\" data-id=\"4870a0af\" data-element_type=\"widget\" data-e-type=\"widget\" data-widget_type=\"text-editor.default\">\n\t\t\t\t<div class=\"elementor-widget-container\">\n\t\t\t\t\t\t\t\t\t<p data-path-to-node=\"4\">Al acceder y utilizar el Themelium&amp;Co, sitio web, usted acepta los presentes T\u00e9rminos y Condiciones, las cuales son aplicables en todo el territorio de los Estados unidos. Le recomendamos leer atentamente.<\/p><h4>1. La aceptaci\u00f3n de los T\u00e9rminos<\/h4><p data-path-to-node=\"6\"><span class=\"citation-293 citation-end-293\">Al utilizar nuestro sitio, usted declara que tiene al menos 18 a\u00f1os de edad y que utiliza el sitio web legalmente y de acuerdo con estas condiciones<\/span>.<\/p><h4>2. El Uso Del Sitio Web<\/h4><p data-path-to-node=\"8\"><span class=\"citation-292 citation-end-292\">El contenido de el sitio es exclusivamente para uso personal y no para uso comercial<\/span>. <span class=\"citation-291 citation-end-291\">Cualquier reproducci\u00f3n, distribuci\u00f3n o modificaci\u00f3n est\u00e1 prohibida sin la autorizaci\u00f3n expresa de Themelium&amp;Co;<\/span>.<\/p><h4>3. La Disponibilidad Del Servicio<\/h4><p data-path-to-node=\"10\"><span class=\"citation-290 citation-end-290\">Nos reservamos el derecho a modificar, suspender, temporal o permanentemente, deshabilitar cualquier parte del sitio sin previo aviso<\/span>.<\/p><h4>4. De Propiedad Intelectual<\/h4><p data-path-to-node=\"12\"><span class=\"citation-289 citation-end-289\">Todo el contenido del sitio\u2014incluyendo textos, im\u00e1genes, logos, dise\u00f1os, empaques, productos y pertenece a Themelium&amp;Co; <\/span><span class=\"citation-288 citation-end-288\">y est\u00e1 protegido por las leyes de propiedad intelectual de los Estados unidos<\/span>. <span class=\"citation-287 citation-end-287\">Cualquier uso no autorizado est\u00e1 estrictamente prohibido<\/span>.<\/p><h4>5. Las Cuentas De Usuario<\/h4><p data-path-to-node=\"14\">Si usted cree una cuenta:<\/p><ul data-path-to-node=\"15\"><li><p data-path-to-node=\"15,0,0\"><span class=\"citation-286 citation-end-286\">Usted debe proporcionar informaci\u00f3n fiable y actualizada informaci\u00f3n<\/span>.<\/p><\/li><li><p data-path-to-node=\"15,1,0\"><span class=\"citation-285 citation-end-285\">Usted es responsable de mantener la confidencialidad de su contrase\u00f1a<\/span>.<\/p><\/li><li><p data-path-to-node=\"15,2,0\"><span class=\"citation-284 citation-end-284\">Notificarnos inmediatamente de cualquier uso no autorizado de su cuenta<\/span>.<\/p><\/li><\/ul><h4>6. Las compras y Transacciones<\/h4><p data-path-to-node=\"17\"><span class=\"citation-283 citation-end-283\">Todas las compras realizadas en nuestro sitio se rigen por nuestros T\u00e9rminos y Condiciones de Venta<\/span>. <span class=\"citation-282 citation-end-282\">Mediante la compra, usted acepta los t\u00e9rminos<\/span>.<\/p><h4>7. La Informaci\u00f3n Del Usuario<\/h4><p data-path-to-node=\"19\"><span class=\"citation-281 citation-end-281\">El uso que hacemos de sus datos de car\u00e1cter personal que se detalla en nuestra Pol\u00edtica de Privacidad<\/span>. <span class=\"citation-280 citation-end-280\">Al utilizar el sitio web, usted acepta las pr\u00e1cticas<\/span>.<\/p><h4>8. Enlaces De Terceros<\/h4><p data-path-to-node=\"21\"><span class=\"citation-279 citation-end-279\">Nuestro sitio puede contener enlaces externos<\/span>. <span class=\"citation-278 citation-end-278\">No somos responsables de la seguridad, el contenido o pol\u00edticas de privacidad de sitios externos a Themelium&amp;Co;<\/span>.<\/p><h4>9. La Conducta Prohibida<\/h4><p data-path-to-node=\"23\">Est\u00e1 prohibido utilizar el sitio para:<\/p><ul data-path-to-node=\"24\"><li><p data-path-to-node=\"24,0,0\"><span class=\"citation-277 citation-end-277\">Actividades fraudulentas <\/span><\/p><\/li><li><p data-path-to-node=\"24,1,0\"><span class=\"citation-276 citation-end-276\">Los intentos de pirater\u00eda inform\u00e1tica o acceso no autorizado <\/span><\/p><\/li><li><p data-path-to-node=\"24,2,0\"><span class=\"citation-275 citation-end-275\">La distribuci\u00f3n de malware o lesivos en los contenidos <\/span><\/p><\/li><li><p data-path-to-node=\"24,3,0\"><span class=\"citation-274 citation-end-274\">Cualquier acci\u00f3n que afecte la operaci\u00f3n del sitio <\/span><\/p><div class=\"source-inline-chip-container ng-star-inserted\">\u00a0<\/div><\/li><\/ul><p data-path-to-node=\"25\">Estas actividades pueden ser informado, de conformidad con las leyes federales, tales como:<\/p><ul data-path-to-node=\"26\"><li><p data-path-to-node=\"26,0,0\"><span class=\"citation-273 citation-end-273\">18 C\u00f3digo de los estados UNIDOS \u00a7 1343 (fraude) <\/span><\/p><div class=\"source-inline-chip-container ng-star-inserted\">\u00a0<\/div><\/li><li><p data-path-to-node=\"26,1,0\"><span class=\"citation-272 citation-end-272\">Fraude y Abuso inform\u00e1tico (CAFA) <\/span><\/p><div class=\"source-inline-chip-container ng-star-inserted\">\u00a0<\/div><\/li><\/ul><h4>10. Limitaci\u00f3n de Responsabilidad<\/h4><p data-path-to-node=\"28\"><span class=\"citation-271 citation-end-271\">Themelium&amp;Co; no ser\u00e1 responsable por da\u00f1os indirectos, incidentales, o consecuentes que surjan del uso del sitio o de la imposibilidad para usarlo<\/span>. <span class=\"citation-270 citation-end-270\">El uso del sitio es bajo su propio riesgo<\/span>.<\/p><h4>11. Modificaciones a los T\u00e9rminos<\/h4><p data-path-to-node=\"30\"><span class=\"citation-269 citation-end-269\">Podemos actualizar estos T\u00e9rminos y Condiciones en cualquier momento<\/span>. <span class=\"citation-268 citation-end-268\">Modificaciones se considerar\u00e1 aceptada si usted contin\u00faa usando el sitio despu\u00e9s de su publicaci\u00f3n<\/span>.<\/p><h4>12. Legislaci\u00f3n Aplicable<\/h4><p data-path-to-node=\"32\"><span class=\"citation-267 citation-end-267\">Estos T\u00e9rminos se rigen por las leyes generales de los Estados unidos aplicables al comercio electr\u00f3nico y las actividades en l\u00ednea<\/span>.<\/p><h4>13. Contacto<\/h4><p data-path-to-node=\"34\">Para consultas legales relacionadas con los presentes T\u00e9rminos y Condiciones, usted puede escribirnos a:<\/p><p data-path-to-node=\"36\"><b><span class=\"citation-266\">tc@themelium.com<\/span><\/b><\/p>\t\t\t\t\t\t\t\t<\/div>\n\t\t\t\t<\/div>\n\t\t\t\t<\/div>\n\t\t\t\t\t<\/div>\n\t\t\t\t<\/div>\n\t\t\t\t<\/div>","protected":false},"excerpt":{"rendered":"<p>TERMS AND CONDITIONS &#8211; THEMELIUM&amp;CO; By accessing and using the Themelium&amp;Co; website, you accept the present Terms and Conditions, which are applicable throughout the entire territory of the United States. We recommend reading them carefully. 1. Acceptance of Terms By using our site, you declare that you are at least 18 years old and that [&hellip;]<\/p>\n","protected":false},"author":1,"featured_media":0,"parent":0,"menu_order":0,"comment_status":"closed","ping_status":"closed","template":"","meta":{"_acf_changed":false,"footnotes":""},"class_list":["post-1258","page","type-page","status-publish","hentry"],"acf":[],"_links":{"self":[{"href":"https:\/\/themelium.com\/es\/wp-json\/wp\/v2\/pages\/1258","targetHints":{"allow":["GET"]}}],"collection":[{"href":"https:\/\/themelium.com\/es\/wp-json\/wp\/v2\/pages"}],"about":[{"href":"https:\/\/themelium.com\/es\/wp-json\/wp\/v2\/types\/page"}],"author":[{"embeddable":true,"href":"https:\/\/themelium.com\/es\/wp-json\/wp\/v2\/users\/1"}],"replies":[{"embeddable":true,"href":"https:\/\/themelium.com\/es\/wp-json\/wp\/v2\/comments?post=1258"}],"version-history":[{"count":4,"href":"https:\/\/themelium.com\/es\/wp-json\/wp\/v2\/pages\/1258\/revisions"}],"predecessor-version":[{"id":3275,"href":"https:\/\/themelium.com\/es\/wp-json\/wp\/v2\/pages\/1258\/revisions\/3275"}],"wp:attachment":[{"href":"https:\/\/themelium.com\/es\/wp-json\/wp\/v2\/media?parent=1258"}],"curies":[{"name":"wp","href":"https:\/\/api.w.org\/{rel}","templated":true}]}}