{"id":1260,"date":"2025-01-24T15:41:50","date_gmt":"2025-01-24T15:41:50","guid":{"rendered":"https:\/\/themelium.com\/?page_id=1260"},"modified":"2025-11-20T13:09:57","modified_gmt":"2025-11-20T13:09:57","slug":"cookie-policy","status":"publish","type":"page","link":"https:\/\/themelium.com\/es\/cookie-policy\/","title":{"rendered":"Cookie policy"},"content":{"rendered":"<style>.elementor-1260 .elementor-element.elementor-element-114bab16{--display:flex;--flex-direction:column;--container-widget-width:100%;--container-widget-height:initial;--container-widget-flex-grow:0;--container-widget-align-self:initial;--flex-wrap-mobile:wrap;--padding-top:3rem;--padding-bottom:5rem;--padding-left:1rem;--padding-right:1rem;}.elementor-1260 .elementor-element.elementor-element-60172f88{text-align:center;}.elementor-1260 .elementor-element.elementor-element-60172f88 .elementor-heading-title{font-family:var( --e-global-typography-4dc23a4-font-family ), Sans-serif;font-size:var( --e-global-typography-4dc23a4-font-size );font-weight:var( --e-global-typography-4dc23a4-font-weight );line-height:var( --e-global-typography-4dc23a4-line-height );letter-spacing:var( --e-global-typography-4dc23a4-letter-spacing );word-spacing:var( --e-global-typography-4dc23a4-word-spacing );color:var( --e-global-color-67a0e96 );}.elementor-1260 .elementor-element.elementor-element-4ee6378f{--display:flex;--border-radius:20px 20px 20px 20px;--padding-top:15px;--padding-bottom:15px;--padding-left:15px;--padding-right:15px;}.elementor-1260 .elementor-element.elementor-element-4ee6378f:not(.elementor-motion-effects-element-type-background), .elementor-1260 .elementor-element.elementor-element-4ee6378f > .elementor-motion-effects-container > .elementor-motion-effects-layer{background-color:var( --e-global-color-a2c40ee );}.elementor-1260 .elementor-element.elementor-element-42f0083{text-align:start;font-family:var( --e-global-typography-2d6599e-font-family ), Sans-serif;font-size:var( --e-global-typography-2d6599e-font-size );font-weight:var( --e-global-typography-2d6599e-font-weight );line-height:var( --e-global-typography-2d6599e-line-height );letter-spacing:var( --e-global-typography-2d6599e-letter-spacing );word-spacing:var( --e-global-typography-2d6599e-word-spacing );color:var( --e-global-color-67a0e96 );}:root{--page-title-display:none;}@media(max-width:1024px){.elementor-1260 .elementor-element.elementor-element-60172f88 .elementor-heading-title{font-size:var( --e-global-typography-4dc23a4-font-size );line-height:var( --e-global-typography-4dc23a4-line-height );letter-spacing:var( --e-global-typography-4dc23a4-letter-spacing );word-spacing:var( --e-global-typography-4dc23a4-word-spacing );}.elementor-1260 .elementor-element.elementor-element-42f0083{font-size:var( --e-global-typography-2d6599e-font-size );line-height:var( --e-global-typography-2d6599e-line-height );letter-spacing:var( --e-global-typography-2d6599e-letter-spacing );word-spacing:var( --e-global-typography-2d6599e-word-spacing );}}@media(max-width:767px){.elementor-1260 .elementor-element.elementor-element-60172f88 .elementor-heading-title{font-size:var( --e-global-typography-4dc23a4-font-size );line-height:var( --e-global-typography-4dc23a4-line-height );letter-spacing:var( --e-global-typography-4dc23a4-letter-spacing );word-spacing:var( --e-global-typography-4dc23a4-word-spacing );}.elementor-1260 .elementor-element.elementor-element-42f0083{font-size:var( --e-global-typography-2d6599e-font-size );line-height:var( --e-global-typography-2d6599e-line-height );letter-spacing:var( --e-global-typography-2d6599e-letter-spacing );word-spacing:var( --e-global-typography-2d6599e-word-spacing );}}<\/style>\t\t<div data-elementor-type=\"wp-page\" data-elementor-id=\"1260\" class=\"elementor elementor-1260\" data-elementor-post-type=\"page\">\n\t\t\t\t<div class=\"elementor-element elementor-element-114bab16 e-flex e-con-boxed e-con e-parent\" data-id=\"114bab16\" data-element_type=\"container\" data-e-type=\"container\">\n\t\t\t\t\t<div class=\"e-con-inner\">\n\t\t\t\t<div class=\"elementor-element elementor-element-60172f88 elementor-widget elementor-widget-heading\" data-id=\"60172f88\" data-element_type=\"widget\" data-e-type=\"widget\" data-widget_type=\"heading.default\">\n\t\t\t\t<div class=\"elementor-widget-container\">\n\t\t\t\t\t<h2 class=\"elementor-heading-title elementor-size-default\">POL\u00cdTICA DE COOKIES - THEMELIUM&amp;CO;<\/h2>\t\t\t\t<\/div>\n\t\t\t\t<\/div>\n\t\t<div class=\"elementor-element elementor-element-4ee6378f e-con-full e-flex e-con e-child\" data-id=\"4ee6378f\" data-element_type=\"container\" data-e-type=\"container\" data-settings=\"{&quot;background_background&quot;:&quot;classic&quot;}\">\n\t\t\t\t<div class=\"elementor-element elementor-element-42f0083 elementor-widget elementor-widget-text-editor\" data-id=\"42f0083\" data-element_type=\"widget\" data-e-type=\"widget\" data-widget_type=\"text-editor.default\">\n\t\t\t\t<div class=\"elementor-widget-container\">\n\t\t\t\t\t\t\t\t\t<p data-path-to-node=\"4\">Esta Pol\u00edtica de Cookies explica c\u00f3mo Themelium&amp;Co, usa cookies y tecnolog\u00edas similares en nuestra web. Al navegar por nuestro sitio web, usted acepta el uso de estas tecnolog\u00edas, de conformidad con esta pol\u00edtica.<\/p><h4>1. \u00bfQu\u00e9 son las cookies?<\/h4><p data-path-to-node=\"6\">Las Cookies son peque\u00f1os archivos que se almacenan en su dispositivo para mejorar su experiencia de navegaci\u00f3n, recordar las preferencias, y analizar el uso del sitio.<\/p><h4>2. Tipos de cookies que utilizamos<\/h4><ul data-path-to-node=\"8\"><li><p data-path-to-node=\"8,0,0\"><b>Cookies Esenciales:<\/b> Permitir el funcionamiento b\u00e1sico de la web, tales como el carrito de la compra y el proceso de compra.<\/p><\/li><li><p data-path-to-node=\"8,1,0\"><b>Cookies Anal\u00edticas:<\/b> Nos ayudan a entender c\u00f3mo los usuarios navegan por el sitio para mejorar la experiencia.<\/p><\/li><li><p data-path-to-node=\"8,2,0\"><b>Cookies Funcionales:<\/b> Recuerde preferencias como el idioma y la configuraci\u00f3n.<\/p><\/li><li><p data-path-to-node=\"8,3,0\"><b>Cookies de publicidad (si es aplicable):<\/b> Se utiliza para mostrar anuncios relevantes. Se activa \u00fanicamente si el usuario lo permite.<\/p><\/li><\/ul><h4>3. C\u00f3mo deshabilitar las cookies<\/h4><p data-path-to-node=\"10\">Usted puede configurar su navegador para bloquear o eliminar las cookies. Si usted hace esto, algunas caracter\u00edsticas del sitio pueden no funcionar correctamente.<\/p><h4>4. Las Cookies De Terceros<\/h4><p data-path-to-node=\"12\">Podemos utilizar servicios como Google Analytics o de otros proveedores que tambi\u00e9n utilizan cookies para analizar el tr\u00e1fico del sitio. Estos proveedores de cumplir con las regulaciones de privacidad en los Estados unidos.<\/p><h4>5. Cambios a esta Pol\u00edtica de Cookies<\/h4><p data-path-to-node=\"14\">Themelium&amp;Co; puede actualizar esta pol\u00edtica en cualquier momento. Los cambios surtan efecto tras su publicaci\u00f3n en esta p\u00e1gina.<\/p><h4>6. Contacto<\/h4><p data-path-to-node=\"16\">Para cualquier consulta relacionada con esta pol\u00edtica, usted puede escribirnos a: <b>tc@themelium.com<\/b><\/p>\t\t\t\t\t\t\t\t<\/div>\n\t\t\t\t<\/div>\n\t\t\t\t<\/div>\n\t\t\t\t\t<\/div>\n\t\t\t\t<\/div>\n\t\t\t\t<\/div>","protected":false},"excerpt":{"rendered":"<p>COOKIE POLICY &#8211; THEMELIUM&amp;CO; This Cookie Policy explains how Themelium&amp;Co; uses cookies and similar technologies on our website. By browsing our website, you accept the use of these technologies in accordance with this policy. 1. What are cookies? Cookies are small files that are stored on your device to improve your browsing experience, remember preferences, [&hellip;]<\/p>\n","protected":false},"author":1,"featured_media":0,"parent":0,"menu_order":0,"comment_status":"closed","ping_status":"closed","template":"","meta":{"_acf_changed":false,"footnotes":""},"class_list":["post-1260","page","type-page","status-publish","hentry"],"acf":[],"_links":{"self":[{"href":"https:\/\/themelium.com\/es\/wp-json\/wp\/v2\/pages\/1260","targetHints":{"allow":["GET"]}}],"collection":[{"href":"https:\/\/themelium.com\/es\/wp-json\/wp\/v2\/pages"}],"about":[{"href":"https:\/\/themelium.com\/es\/wp-json\/wp\/v2\/types\/page"}],"author":[{"embeddable":true,"href":"https:\/\/themelium.com\/es\/wp-json\/wp\/v2\/users\/1"}],"replies":[{"embeddable":true,"href":"https:\/\/themelium.com\/es\/wp-json\/wp\/v2\/comments?post=1260"}],"version-history":[{"count":5,"href":"https:\/\/themelium.com\/es\/wp-json\/wp\/v2\/pages\/1260\/revisions"}],"predecessor-version":[{"id":3267,"href":"https:\/\/themelium.com\/es\/wp-json\/wp\/v2\/pages\/1260\/revisions\/3267"}],"wp:attachment":[{"href":"https:\/\/themelium.com\/es\/wp-json\/wp\/v2\/media?parent=1260"}],"curies":[{"name":"wp","href":"https:\/\/api.w.org\/{rel}","templated":true}]}}