{"id":1262,"date":"2025-01-24T15:42:04","date_gmt":"2025-01-24T15:42:04","guid":{"rendered":"https:\/\/themelium.com\/?page_id=1262"},"modified":"2025-11-20T12:52:07","modified_gmt":"2025-11-20T12:52:07","slug":"terms-and-conditions-of-sale","status":"publish","type":"page","link":"https:\/\/themelium.com\/es\/terms-and-conditions-of-sale\/","title":{"rendered":"T\u00e9rminos y Condiciones de Venta"},"content":{"rendered":"<style>.elementor-1262 .elementor-element.elementor-element-be970f3{--display:flex;--flex-direction:column;--container-widget-width:100%;--container-widget-height:initial;--container-widget-flex-grow:0;--container-widget-align-self:initial;--flex-wrap-mobile:wrap;--padding-top:3rem;--padding-bottom:5rem;--padding-left:1rem;--padding-right:1rem;}.elementor-1262 .elementor-element.elementor-element-773a41b{text-align:center;}.elementor-1262 .elementor-element.elementor-element-773a41b .elementor-heading-title{font-family:var( --e-global-typography-4dc23a4-font-family ), Sans-serif;font-size:var( --e-global-typography-4dc23a4-font-size );font-weight:var( --e-global-typography-4dc23a4-font-weight );line-height:var( --e-global-typography-4dc23a4-line-height );letter-spacing:var( --e-global-typography-4dc23a4-letter-spacing );word-spacing:var( --e-global-typography-4dc23a4-word-spacing );color:var( --e-global-color-67a0e96 );}.elementor-1262 .elementor-element.elementor-element-8eca2b0{--display:flex;--border-radius:20px 20px 20px 20px;--padding-top:15px;--padding-bottom:15px;--padding-left:15px;--padding-right:15px;}.elementor-1262 .elementor-element.elementor-element-8eca2b0:not(.elementor-motion-effects-element-type-background), .elementor-1262 .elementor-element.elementor-element-8eca2b0 > .elementor-motion-effects-container > .elementor-motion-effects-layer{background-color:var( --e-global-color-a2c40ee );}.elementor-1262 .elementor-element.elementor-element-f40d97f{text-align:start;font-family:var( --e-global-typography-2d6599e-font-family ), Sans-serif;font-size:var( --e-global-typography-2d6599e-font-size );font-weight:var( --e-global-typography-2d6599e-font-weight );line-height:var( --e-global-typography-2d6599e-line-height );letter-spacing:var( --e-global-typography-2d6599e-letter-spacing );word-spacing:var( --e-global-typography-2d6599e-word-spacing );color:var( --e-global-color-67a0e96 );}:root{--page-title-display:none;}@media(max-width:1024px){.elementor-1262 .elementor-element.elementor-element-773a41b .elementor-heading-title{font-size:var( --e-global-typography-4dc23a4-font-size );line-height:var( --e-global-typography-4dc23a4-line-height );letter-spacing:var( --e-global-typography-4dc23a4-letter-spacing );word-spacing:var( --e-global-typography-4dc23a4-word-spacing );}.elementor-1262 .elementor-element.elementor-element-f40d97f{font-size:var( --e-global-typography-2d6599e-font-size );line-height:var( --e-global-typography-2d6599e-line-height );letter-spacing:var( --e-global-typography-2d6599e-letter-spacing );word-spacing:var( --e-global-typography-2d6599e-word-spacing );}}@media(max-width:767px){.elementor-1262 .elementor-element.elementor-element-773a41b .elementor-heading-title{font-size:var( --e-global-typography-4dc23a4-font-size );line-height:var( --e-global-typography-4dc23a4-line-height );letter-spacing:var( --e-global-typography-4dc23a4-letter-spacing );word-spacing:var( --e-global-typography-4dc23a4-word-spacing );}.elementor-1262 .elementor-element.elementor-element-f40d97f{font-size:var( --e-global-typography-2d6599e-font-size );line-height:var( --e-global-typography-2d6599e-line-height );letter-spacing:var( --e-global-typography-2d6599e-letter-spacing );word-spacing:var( --e-global-typography-2d6599e-word-spacing );}}<\/style>\t\t<div data-elementor-type=\"wp-page\" data-elementor-id=\"1262\" class=\"elementor elementor-1262\" data-elementor-post-type=\"page\">\n\t\t\t\t<div class=\"elementor-element elementor-element-be970f3 e-flex e-con-boxed e-con e-parent\" data-id=\"be970f3\" data-element_type=\"container\" data-e-type=\"container\">\n\t\t\t\t\t<div class=\"e-con-inner\">\n\t\t\t\t<div class=\"elementor-element elementor-element-773a41b elementor-widget elementor-widget-heading\" data-id=\"773a41b\" data-element_type=\"widget\" data-e-type=\"widget\" data-widget_type=\"heading.default\">\n\t\t\t\t<div class=\"elementor-widget-container\">\n\t\t\t\t\t<h2 class=\"elementor-heading-title elementor-size-default\">T\u00c9RMINOS Y CONDICIONES DE VENTA - THEMELIUM&amp;CO;<\/h2>\t\t\t\t<\/div>\n\t\t\t\t<\/div>\n\t\t<div class=\"elementor-element elementor-element-8eca2b0 e-con-full e-flex e-con e-child\" data-id=\"8eca2b0\" data-element_type=\"container\" data-e-type=\"container\" data-settings=\"{&quot;background_background&quot;:&quot;classic&quot;}\">\n\t\t\t\t<div class=\"elementor-element elementor-element-f40d97f elementor-widget elementor-widget-text-editor\" data-id=\"f40d97f\" data-element_type=\"widget\" data-e-type=\"widget\" data-widget_type=\"text-editor.default\">\n\t\t\t\t<div class=\"elementor-widget-container\">\n\t\t\t\t\t\t\t\t\t<p data-path-to-node=\"4\">Estos T\u00e9rminos y Condiciones de Venta regulan las compras realizadas a trav\u00e9s de la Themelium&amp;Co; sitio web. Por hacer una compra, usted acepta estos t\u00e9rminos.<\/p><h4>1. Informaci\u00f3n Del Vendedor<\/h4><ul data-path-to-node=\"6\"><li><p data-path-to-node=\"6,0,0\">Themelium&amp;Co; \u2013 Yeremyans De La Corporaci\u00f3n<\/p><\/li><li><p data-path-to-node=\"6,1,0\">12807 Sherman Way, #1014<\/p><\/li><li><p data-path-to-node=\"6,2,0\">North Hollywood, California 91605<\/p><\/li><li><p data-path-to-node=\"6,3,0\">Estados Unidos<\/p><\/li><li><p data-path-to-node=\"6,4,0\">Correo electr\u00f3nico de contacto: tc@themelium.com<\/p><\/li><\/ul><h4>2. La aceptaci\u00f3n del Contrato<\/h4><p data-path-to-node=\"8\">Al realizar un pedido, usted declara que:<\/p><ul data-path-to-node=\"9\"><li><p data-path-to-node=\"9,0,0\">Son 18 a\u00f1os de edad o m\u00e1s.<\/p><\/li><li><p data-path-to-node=\"9,1,0\">La informaci\u00f3n proporcionada es verdadera y completa.<\/p><\/li><li><p data-path-to-node=\"9,2,0\">Usted acepta estos T\u00e9rminos y Condiciones de Venta sin reserva.<\/p><\/li><\/ul><p data-path-to-node=\"10\">Estas condiciones constituyen un contrato legalmente vinculante en virtud de las leyes generales de los Estados unidos aplicables al comercio electr\u00f3nico.<\/p><h4>3. Los Productos Ofrecidos<\/h4><p data-path-to-node=\"12\">Themelium&amp;Co; ofrece:<\/p><ul data-path-to-node=\"13\"><li><p data-path-to-node=\"13,0,0\">Caf\u00e9 tostado en grano y molido)<\/p><\/li><li><p data-path-to-node=\"13,1,0\">Matcha y productos derivados<\/p><\/li><li><p data-path-to-node=\"13,2,0\">Caf\u00e9 accesorios<\/p><\/li><li><p data-path-to-node=\"13,3,0\">Ediciones limitadas<\/p><\/li><li><p data-path-to-node=\"13,4,0\">Mercanc\u00eda oficial<\/p><\/li><\/ul><p data-path-to-node=\"14\">Todos los productos alimenticios que cumplan con las normas de la FDA.<\/p><h4>4. Los precios y la Disponibilidad<\/h4><ul data-path-to-node=\"16\"><li><p data-path-to-node=\"16,0,0\">Todos los precios son en D\u00f3lares americanos (USD).<\/p><\/li><li><p data-path-to-node=\"16,1,0\">Los precios est\u00e1n sujetos a cambios sin previo aviso.<\/p><\/li><li><p data-path-to-node=\"16,2,0\">Los productos est\u00e1n sujetos a disponibilidad.<\/p><\/li><li><p data-path-to-node=\"16,3,0\">Una vez que se coloca un pedido, el precio no va a ser modificado.<\/p><\/li><\/ul><h4>5. M\u00e9todos De Pago<\/h4><p data-path-to-node=\"18\">Aceptamos:<\/p><ul data-path-to-node=\"19\"><li><p data-path-to-node=\"19,0,0\">Tarjetas de cr\u00e9dito y d\u00e9bito (Visa, Mastercard, American Express, Discover)<\/p><\/li><li><p data-path-to-node=\"19,1,0\">Apple Pay<\/p><\/li><li><p data-path-to-node=\"19,2,0\">Google Paga<\/p><\/li><\/ul><p data-path-to-node=\"20\">Los pagos son procesados de forma segura por la Raya. No almacenamos completar los datos de la tarjeta.<\/p><h4>6. Procesamiento y Env\u00edo de<\/h4><ul data-path-to-node=\"22\"><li><p data-path-to-node=\"22,0,0\">El estimado de tiempo de procesamiento es de 1 a 3 d\u00edas h\u00e1biles.<\/p><\/li><li><p data-path-to-node=\"22,1,0\">Los env\u00edos se realizan a trav\u00e9s de USPS, UPS o FedEx.<\/p><\/li><li><p data-path-to-node=\"22,2,0\">El riesgo de p\u00e9rdida se transfiere al cliente en el momento en que el transportista recoge el paquete.<\/p><\/li><\/ul><h4>7. La Direcci\u00f3n incorrecta o Incompleta<\/h4><p data-path-to-node=\"24\">El cliente es responsable de proporcionar una correcta y completa de la direcci\u00f3n. Themelium&amp;Co; no se har\u00e1 cargo de re-gastos de env\u00edo en caso de un error del cliente.<\/p><h4>8. Las devoluciones de los Productos alimenticios<\/h4><p data-path-to-node=\"26\">Por razones de seguridad alimentaria, la devoluci\u00f3n de abierto, manipulado, o el consumo de los productos no son aceptados. Las devoluciones s\u00f3lo se permite si:<\/p><ul data-path-to-node=\"27\"><li><p data-path-to-node=\"27,0,0\">El producto recibido es incorrecto<\/p><\/li><li><p data-path-to-node=\"27,1,0\">El producto ha llegado da\u00f1ado<\/p><\/li><li><p data-path-to-node=\"27,2,0\">Hay un defecto de fabricaci\u00f3n<\/p><\/li><\/ul><p data-path-to-node=\"28\">El incidente debe ser reportado dentro de las primeras 48 horas despu\u00e9s del parto.<\/p><h4>9. Procedimiento De Reclamaci\u00f3n<\/h4><p data-path-to-node=\"30\">Un mensaje de correo electr\u00f3nico debe ser enviado a tc@themelium.com con:<\/p><ul data-path-to-node=\"31\"><li><p data-path-to-node=\"31,0,0\">N\u00famero de pedido<\/p><\/li><li><p data-path-to-node=\"31,1,0\">Fotograf\u00edas claras de que el problema<\/p><\/li><li><p data-path-to-node=\"31,2,0\">Descripci\u00f3n detallada<\/p><\/li><\/ul><h4>10. Los reembolsos<\/h4><ul data-path-to-node=\"33\"><li><p data-path-to-node=\"33,0,0\">Los reembolsos se realizan para el m\u00e9todo de pago original.<\/p><\/li><li><p data-path-to-node=\"33,1,0\">Tiempo estimado de procesamiento: de 5 a 10 d\u00edas.<\/p><\/li><li><p data-path-to-node=\"33,2,0\">Los gastos de env\u00edo s\u00f3lo se devolver\u00e1 si el error fue hecha por Themelium&amp;Co;.<\/p><\/li><\/ul><h4>11. Limitaci\u00f3n de Responsabilidad<\/h4><p data-path-to-node=\"35\">Themelium&amp;Co; no ser\u00e1 responsable por da\u00f1os indirectos, incidentales, o consecuentes. La responsabilidad m\u00e1xima est\u00e1 limitada a la cantidad pagada por el orden.<\/p><h4>12. De Propiedad Intelectual<\/h4><p data-path-to-node=\"37\">Todo el contenido del sitio pertenece a Themelium&amp;Co; y est\u00e1 protegido por las leyes de Estados unidos.<\/p><h4>13. Modificaciones<\/h4><p data-path-to-node=\"39\">Podemos actualizar las presentes condiciones en cualquier momento. Se considerar\u00e1 aceptada si usted contin\u00faa usando el sitio.<\/p><h4>14. Legislaci\u00f3n Aplicable<\/h4><p data-path-to-node=\"41\">Estas condiciones se rigen por las leyes generales de los Estados unidos aplicables al comercio electr\u00f3nico.<\/p>\t\t\t\t\t\t\t\t<\/div>\n\t\t\t\t<\/div>\n\t\t\t\t<\/div>\n\t\t\t\t\t<\/div>\n\t\t\t\t<\/div>\n\t\t\t\t<\/div>","protected":false},"excerpt":{"rendered":"<p>TERMS AND CONDITIONS OF SALE &#8211; THEMELIUM&amp;CO; These Terms and Conditions of Sale govern purchases made through the Themelium&amp;Co; website. By making a purchase, you fully accept these terms. 1. Seller Information Themelium&amp;Co; &#8211; Yeremyans Corporation 12807 Sherman Way #1014 North Hollywood, California 91605 United States Contact Email: tc@themelium.com 2. Acceptance of the Contract By [&hellip;]<\/p>\n","protected":false},"author":1,"featured_media":0,"parent":0,"menu_order":0,"comment_status":"closed","ping_status":"closed","template":"","meta":{"_acf_changed":false,"footnotes":""},"class_list":["post-1262","page","type-page","status-publish","hentry"],"acf":[],"_links":{"self":[{"href":"https:\/\/themelium.com\/es\/wp-json\/wp\/v2\/pages\/1262","targetHints":{"allow":["GET"]}}],"collection":[{"href":"https:\/\/themelium.com\/es\/wp-json\/wp\/v2\/pages"}],"about":[{"href":"https:\/\/themelium.com\/es\/wp-json\/wp\/v2\/types\/page"}],"author":[{"embeddable":true,"href":"https:\/\/themelium.com\/es\/wp-json\/wp\/v2\/users\/1"}],"replies":[{"embeddable":true,"href":"https:\/\/themelium.com\/es\/wp-json\/wp\/v2\/comments?post=1262"}],"version-history":[{"count":6,"href":"https:\/\/themelium.com\/es\/wp-json\/wp\/v2\/pages\/1262\/revisions"}],"predecessor-version":[{"id":3251,"href":"https:\/\/themelium.com\/es\/wp-json\/wp\/v2\/pages\/1262\/revisions\/3251"}],"wp:attachment":[{"href":"https:\/\/themelium.com\/es\/wp-json\/wp\/v2\/media?parent=1262"}],"curies":[{"name":"wp","href":"https:\/\/api.w.org\/{rel}","templated":true}]}}