{"id":2502,"date":"2025-07-28T12:26:35","date_gmt":"2025-07-28T12:26:35","guid":{"rendered":"https:\/\/themelium.com\/?page_id=2502"},"modified":"2025-11-21T11:28:22","modified_gmt":"2025-11-21T11:28:22","slug":"gallery","status":"publish","type":"page","link":"https:\/\/themelium.com\/es\/gallery\/","title":{"rendered":"Galer\u00eda"},"content":{"rendered":"<style>.elementor-2502 .elementor-element.elementor-element-9486f59{--display:flex;--flex-direction:column;--container-widget-width:calc( ( 1 - var( --container-widget-flex-grow ) ) * 100% );--container-widget-height:initial;--container-widget-flex-grow:0;--container-widget-align-self:initial;--flex-wrap-mobile:wrap;--justify-content:center;--align-items:center;--gap:10px 10px;--row-gap:10px;--column-gap:10px;--padding-top:70px;--padding-bottom:70px;--padding-left:10px;--padding-right:10px;}.elementor-2502 .elementor-element.elementor-element-9486f59:not(.elementor-motion-effects-element-type-background), .elementor-2502 .elementor-element.elementor-element-9486f59 > .elementor-motion-effects-container > .elementor-motion-effects-layer{background-color:var( --e-global-color-a2c40ee );}.elementor-2502 .elementor-element.elementor-element-8a3bfc7 .elementor-heading-title{font-family:var( --e-global-typography-4dc23a4-font-family ), Sans-serif;font-size:var( --e-global-typography-4dc23a4-font-size );font-weight:var( --e-global-typography-4dc23a4-font-weight );line-height:var( --e-global-typography-4dc23a4-line-height );letter-spacing:var( --e-global-typography-4dc23a4-letter-spacing );word-spacing:var( --e-global-typography-4dc23a4-word-spacing );color:var( --e-global-color-67a0e96 );}.elementor-2502 .elementor-element.elementor-element-8a3bfc7 > .elementor-widget-container{margin:0px 0px 10px 0px;}.elementor-2502 .elementor-element.elementor-element-37ee845 .elementor-icon-list-item:not(:last-child):after{content:\"\";height:50%;border-color:var( --e-global-color-befb837 );}.elementor-2502 .elementor-element.elementor-element-37ee845 .elementor-icon-list-items:not(.elementor-inline-items) .elementor-icon-list-item:not(:last-child):after{border-block-start-style:solid;border-block-start-width:1px;}.elementor-2502 .elementor-element.elementor-element-37ee845 .elementor-icon-list-items.elementor-inline-items .elementor-icon-list-item:not(:last-child):after{border-inline-start-style:solid;}.elementor-2502 .elementor-element.elementor-element-37ee845 .elementor-inline-items .elementor-icon-list-item:not(:last-child):after{border-inline-start-width:1px;}.elementor-2502 .elementor-element.elementor-element-37ee845 .elementor-icon-list-icon i{transition:color 0.3s;}.elementor-2502 .elementor-element.elementor-element-37ee845 .elementor-icon-list-icon svg{transition:fill 0.3s;}.elementor-2502 .elementor-element.elementor-element-37ee845{--e-icon-list-icon-size:14px;--icon-vertical-offset:0px;}.elementor-2502 .elementor-element.elementor-element-37ee845 .elementor-icon-list-item > .elementor-icon-list-text, .elementor-2502 .elementor-element.elementor-element-37ee845 .elementor-icon-list-item > a{font-family:\"Montserrat\", Sans-serif;font-size:16px;font-weight:300;text-decoration:none;letter-spacing:0.5px;}.elementor-2502 .elementor-element.elementor-element-37ee845 .elementor-icon-list-text{color:var( --e-global-color-67a0e96 );transition:color 0.3s;}.elementor-2502 .elementor-element.elementor-element-37ee845 .elementor-icon-list-item:hover .elementor-icon-list-text{color:var( --e-global-color-67a0e96 );}.elementor-2502 .elementor-element.elementor-element-be8e600{--display:flex;--flex-direction:column;--container-widget-width:calc( ( 1 - var( --container-widget-flex-grow ) ) * 100% );--container-widget-height:initial;--container-widget-flex-grow:0;--container-widget-align-self:initial;--flex-wrap-mobile:wrap;--justify-content:center;--align-items:center;--gap:10px 10px;--row-gap:10px;--column-gap:10px;--padding-top:50px;--padding-bottom:100px;--padding-left:10px;--padding-right:10px;}.elementor-2502 .elementor-element.elementor-element-7b7452f{text-align:center;}.elementor-2502 .elementor-element.elementor-element-7b7452f .elementor-heading-title{font-family:var( --e-global-typography-bdce409-font-family ), Sans-serif;font-size:var( --e-global-typography-bdce409-font-size );font-weight:var( --e-global-typography-bdce409-font-weight );text-decoration:var( --e-global-typography-bdce409-text-decoration );line-height:var( --e-global-typography-bdce409-line-height );letter-spacing:var( --e-global-typography-bdce409-letter-spacing );word-spacing:var( --e-global-typography-bdce409-word-spacing );color:var( --e-global-color-67a0e96 );}.elementor-2502 .elementor-element.elementor-element-7b7452f > .elementor-widget-container{margin:0px 0px 10px 0px;}.elementor-2502 .elementor-element.elementor-element-da5e91a{text-align:center;font-family:var( --e-global-typography-2d6599e-font-family ), Sans-serif;font-size:var( --e-global-typography-2d6599e-font-size );font-weight:var( --e-global-typography-2d6599e-font-weight );line-height:var( --e-global-typography-2d6599e-line-height );letter-spacing:var( --e-global-typography-2d6599e-letter-spacing );word-spacing:var( --e-global-typography-2d6599e-word-spacing );color:var( --e-global-color-67a0e96 );width:var( --container-widget-width, 60% );max-width:60%;--container-widget-width:60%;--container-widget-flex-grow:0;}.elementor-2502 .elementor-element.elementor-element-8936896{--spacer-size:50px;width:initial;max-width:initial;}.elementor-2502 .elementor-element.elementor-element-8936896.elementor-element{--align-self:center;}.elementor-2502 .elementor-element.elementor-element-8936896 > .elementor-widget-container{border-style:solid;border-width:0px 0px 0px 1px;border-color:var( --e-global-color-befb837 );}.elementor-2502 .elementor-element.elementor-element-13a1353{--image-border-radius:20px;--image-transition-duration:800ms;--overlay-transition-duration:800ms;--content-text-align:center;--content-padding:20px;--content-transition-duration:800ms;--content-transition-delay:800ms;width:var( --container-widget-width, 90% );max-width:90%;--container-widget-width:90%;--container-widget-flex-grow:0;}.elementor-2502 .elementor-element.elementor-element-13a1353 .e-gallery-item:hover .elementor-gallery-item__overlay, .elementor-2502 .elementor-element.elementor-element-13a1353 .e-gallery-item:focus .elementor-gallery-item__overlay{background-color:rgba(0,0,0,0.5);}:root{--page-title-display:none;}@media(max-width:1024px){.elementor-2502 .elementor-element.elementor-element-9486f59{--padding-top:70px;--padding-bottom:10px;--padding-left:20px;--padding-right:20px;}.elementor-2502 .elementor-element.elementor-element-8a3bfc7 .elementor-heading-title{font-size:var( --e-global-typography-4dc23a4-font-size );line-height:var( --e-global-typography-4dc23a4-line-height );letter-spacing:var( --e-global-typography-4dc23a4-letter-spacing );word-spacing:var( --e-global-typography-4dc23a4-word-spacing );}.elementor-2502 .elementor-element.elementor-element-be8e600{--padding-top:70px;--padding-bottom:10px;--padding-left:20px;--padding-right:20px;}.elementor-2502 .elementor-element.elementor-element-7b7452f .elementor-heading-title{font-size:var( --e-global-typography-bdce409-font-size );line-height:var( --e-global-typography-bdce409-line-height );letter-spacing:var( --e-global-typography-bdce409-letter-spacing );word-spacing:var( --e-global-typography-bdce409-word-spacing );}.elementor-2502 .elementor-element.elementor-element-da5e91a{font-size:var( --e-global-typography-2d6599e-font-size );line-height:var( --e-global-typography-2d6599e-line-height );letter-spacing:var( --e-global-typography-2d6599e-letter-spacing );word-spacing:var( --e-global-typography-2d6599e-word-spacing );--container-widget-width:100%;--container-widget-flex-grow:0;width:var( --container-widget-width, 100% );max-width:100%;}.elementor-2502 .elementor-element.elementor-element-8936896{--spacer-size:30px;}.elementor-2502 .elementor-element.elementor-element-13a1353{width:100%;max-width:100%;}}@media(max-width:767px){.elementor-2502 .elementor-element.elementor-element-9486f59{--padding-top:50px;--padding-bottom:10px;--padding-left:20px;--padding-right:20px;}.elementor-2502 .elementor-element.elementor-element-8a3bfc7 .elementor-heading-title{font-size:var( --e-global-typography-4dc23a4-font-size );line-height:var( --e-global-typography-4dc23a4-line-height );letter-spacing:var( --e-global-typography-4dc23a4-letter-spacing );word-spacing:var( --e-global-typography-4dc23a4-word-spacing );}.elementor-2502 .elementor-element.elementor-element-be8e600{--padding-top:50px;--padding-bottom:10px;--padding-left:20px;--padding-right:20px;}.elementor-2502 .elementor-element.elementor-element-7b7452f .elementor-heading-title{font-size:var( --e-global-typography-bdce409-font-size );line-height:var( --e-global-typography-bdce409-line-height );letter-spacing:var( --e-global-typography-bdce409-letter-spacing );word-spacing:var( --e-global-typography-bdce409-word-spacing );}.elementor-2502 .elementor-element.elementor-element-da5e91a{font-size:var( --e-global-typography-2d6599e-font-size );line-height:var( --e-global-typography-2d6599e-line-height );letter-spacing:var( --e-global-typography-2d6599e-letter-spacing );word-spacing:var( --e-global-typography-2d6599e-word-spacing );width:100%;max-width:100%;}.elementor-2502 .elementor-element.elementor-element-8936896.elementor-element{--order:-99999 \/* order start hack *\/;}}<\/style>\t\t<div data-elementor-type=\"wp-page\" data-elementor-id=\"2502\" class=\"elementor elementor-2502\" data-elementor-post-type=\"page\">\n\t\t\t\t<div class=\"elementor-element elementor-element-9486f59 e-flex e-con-boxed e-con e-parent\" data-id=\"9486f59\" data-element_type=\"container\" data-e-type=\"container\" data-settings=\"{&quot;background_background&quot;:&quot;classic&quot;}\">\n\t\t\t\t\t<div class=\"e-con-inner\">\n\t\t\t\t<div class=\"elementor-element elementor-element-8a3bfc7 animated-slow elementor-invisible elementor-widget elementor-widget-heading\" data-id=\"8a3bfc7\" data-element_type=\"widget\" data-e-type=\"widget\" data-settings=\"{&quot;_animation&quot;:&quot;fadeInUp&quot;}\" data-widget_type=\"heading.default\">\n\t\t\t\t<div class=\"elementor-widget-container\">\n\t\t\t\t\t<h2 class=\"elementor-heading-title elementor-size-default\">Bienvenidos al coraz\u00f3n visual de Themelium&amp;Co.<\/h2>\t\t\t\t<\/div>\n\t\t\t\t<\/div>\n\t\t\t\t<div class=\"elementor-element elementor-element-37ee845 elementor-icon-list--layout-inline elementor-list-item-link-full_width elementor-widget elementor-widget-icon-list\" data-id=\"37ee845\" data-element_type=\"widget\" data-e-type=\"widget\" data-widget_type=\"icon-list.default\">\n\t\t\t\t<div class=\"elementor-widget-container\">\n\t\t\t\t\t\t\t<ul class=\"elementor-icon-list-items elementor-inline-items\">\n\t\t\t\t\t\t\t<li class=\"elementor-icon-list-item elementor-inline-item\">\n\t\t\t\t\t\t\t\t\t\t\t<a href=\"https:\/\/themelium.com\/es\">\n\n\t\t\t\t\t\t\t\t\t\t\t<span class=\"elementor-icon-list-text\">Themelium<\/span>\n\t\t\t\t\t\t\t\t\t\t\t<\/a>\n\t\t\t\t\t\t\t\t\t<\/li>\n\t\t\t\t\t\t\t\t<li class=\"elementor-icon-list-item elementor-inline-item\">\n\t\t\t\t\t\t\t\t\t\t<span class=\"elementor-icon-list-text\"><\/span>\n\t\t\t\t\t\t\t\t\t<\/li>\n\t\t\t\t\t\t<\/ul>\n\t\t\t\t\t\t<\/div>\n\t\t\t\t<\/div>\n\t\t\t\t\t<\/div>\n\t\t\t\t<\/div>\n\t\t<div class=\"elementor-element elementor-element-be8e600 e-flex e-con-boxed e-con e-parent\" data-id=\"be8e600\" data-element_type=\"container\" data-e-type=\"container\">\n\t\t\t\t\t<div class=\"e-con-inner\">\n\t\t\t\t<div class=\"elementor-element elementor-element-7b7452f elementor-widget elementor-widget-heading\" data-id=\"7b7452f\" data-element_type=\"widget\" data-e-type=\"widget\" data-widget_type=\"heading.default\">\n\t\t\t\t<div class=\"elementor-widget-container\">\n\t\t\t\t\t<h2 class=\"elementor-heading-title elementor-size-default\">Explore Nuestra Galer\u00eda\n<\/h2>\t\t\t\t<\/div>\n\t\t\t\t<\/div>\n\t\t\t\t<div class=\"elementor-element elementor-element-da5e91a elementor-widget__width-initial elementor-widget-mobile__width-inherit elementor-widget elementor-widget-text-editor\" data-id=\"da5e91a\" data-element_type=\"widget\" data-e-type=\"widget\" data-widget_type=\"text-editor.default\">\n\t\t\t\t<div class=\"elementor-widget-container\">\n\t\t\t\t\t\t\t\t\t<p>A trav\u00e9s de cada fotograf\u00eda, te invitamos a descubrir la historia detr\u00e1s de nuestro caf\u00e9: sus or\u00edgenes, los detalles, la est\u00e9tica, y el ritual. Im\u00e1genes que hablan de sabor, dedicaci\u00f3n y excelencia.<\/p>\t\t\t\t\t\t\t\t<\/div>\n\t\t\t\t<\/div>\n\t\t\t\t<div class=\"elementor-element elementor-element-8936896 elementor-widget__width-initial elementor-hidden-mobile elementor-widget elementor-widget-spacer\" data-id=\"8936896\" data-element_type=\"widget\" data-e-type=\"widget\" data-widget_type=\"spacer.default\">\n\t\t\t\t<div class=\"elementor-widget-container\">\n\t\t\t\t\t\t\t<div class=\"elementor-spacer\">\n\t\t\t<div class=\"elementor-spacer-inner\"><\/div>\n\t\t<\/div>\n\t\t\t\t\t\t<\/div>\n\t\t\t\t<\/div>\n\t\t\t\t<div class=\"elementor-element elementor-element-13a1353 elementor-widget__width-initial elementor-widget-tablet__width-inherit elementor-widget elementor-widget-gallery\" data-id=\"13a1353\" data-element_type=\"widget\" data-e-type=\"widget\" data-settings=\"{&quot;columns_mobile&quot;:2,&quot;gallery_layout&quot;:&quot;masonry&quot;,&quot;columns&quot;:3,&quot;lazyload&quot;:&quot;yes&quot;,&quot;columns_tablet&quot;:2,&quot;gap&quot;:{&quot;unit&quot;:&quot;px&quot;,&quot;size&quot;:10,&quot;sizes&quot;:[]},&quot;gap_tablet&quot;:{&quot;unit&quot;:&quot;px&quot;,&quot;size&quot;:10,&quot;sizes&quot;:[]},&quot;gap_mobile&quot;:{&quot;unit&quot;:&quot;px&quot;,&quot;size&quot;:10,&quot;sizes&quot;:[]},&quot;link_to&quot;:&quot;file&quot;,&quot;overlay_background&quot;:&quot;yes&quot;,&quot;content_hover_animation&quot;:&quot;fade-in&quot;}\" data-widget_type=\"gallery.default\">\n\t\t\t\t<div class=\"elementor-widget-container\">\n\t\t\t\t\t\t\t<div class=\"elementor-gallery__container\">\n\t\t\t\t\t\t\t<a class=\"e-gallery-item elementor-gallery-item elementor-animated-content\" href=\"https:\/\/themelium.com\/wp-content\/uploads\/2025\/11\/VERGEL_GESHA_ELIAS_BAYTER-scaled.webp\" data-elementor-open-lightbox=\"yes\" data-elementor-lightbox-slideshow=\"13a1353\" data-e-action-hash=\"#elementor-action%3Aaction%3Dlightbox%26settings%3DeyJpZCI6MzA1NSwidXJsIjoiaHR0cHM6XC9cL3RoZW1lbGl1bS5jb21cL3dwLWNvbnRlbnRcL3VwbG9hZHNcLzIwMjVcLzExXC9WRVJHRUxfR0VTSEFfRUxJQVNfQkFZVEVSLXNjYWxlZC53ZWJwIiwic2xpZGVzaG93IjoiMTNhMTM1MyJ9\">\n\t\t\t\t\t<div class=\"e-gallery-image elementor-gallery-item__image\" data-thumbnail=\"https:\/\/themelium.com\/wp-content\/uploads\/2025\/11\/VERGEL_GESHA_ELIAS_BAYTER-scaled.webp\" data-width=\"1920\" data-height=\"2560\" aria-label=\"\" role=\"img\" ><\/div>\n\t\t\t\t\t\t\t\t\t\t\t<div class=\"elementor-gallery-item__overlay\"><\/div>\n\t\t\t\t\t\t\t\t\t\t\t\t\t\t<\/a>\n\t\t\t\t\t\t\t<a class=\"e-gallery-item elementor-gallery-item elementor-animated-content\" href=\"https:\/\/themelium.com\/wp-content\/uploads\/2025\/11\/VERGEL_FARM_2-scaled.webp\" data-elementor-open-lightbox=\"yes\" data-elementor-lightbox-slideshow=\"13a1353\" data-e-action-hash=\"#elementor-action%3Aaction%3Dlightbox%26settings%3DeyJpZCI6MzA1NywidXJsIjoiaHR0cHM6XC9cL3RoZW1lbGl1bS5jb21cL3dwLWNvbnRlbnRcL3VwbG9hZHNcLzIwMjVcLzExXC9WRVJHRUxfRkFSTV8yLXNjYWxlZC53ZWJwIiwic2xpZGVzaG93IjoiMTNhMTM1MyJ9\">\n\t\t\t\t\t<div class=\"e-gallery-image elementor-gallery-item__image\" data-thumbnail=\"https:\/\/themelium.com\/wp-content\/uploads\/2025\/11\/VERGEL_FARM_2-scaled.webp\" data-width=\"2560\" data-height=\"1707\" aria-label=\"\" role=\"img\" ><\/div>\n\t\t\t\t\t\t\t\t\t\t\t<div class=\"elementor-gallery-item__overlay\"><\/div>\n\t\t\t\t\t\t\t\t\t\t\t\t\t\t<\/a>\n\t\t\t\t\t\t\t<a class=\"e-gallery-item elementor-gallery-item elementor-animated-content\" href=\"https:\/\/themelium.com\/wp-content\/uploads\/2025\/11\/VERGEL_GESHA_13-scaled.webp\" data-elementor-open-lightbox=\"yes\" data-elementor-lightbox-slideshow=\"13a1353\" data-e-action-hash=\"#elementor-action%3Aaction%3Dlightbox%26settings%3DeyJpZCI6MzA2MCwidXJsIjoiaHR0cHM6XC9cL3RoZW1lbGl1bS5jb21cL3dwLWNvbnRlbnRcL3VwbG9hZHNcLzIwMjVcLzExXC9WRVJHRUxfR0VTSEFfMTMtc2NhbGVkLndlYnAiLCJzbGlkZXNob3ciOiIxM2ExMzUzIn0%3D\">\n\t\t\t\t\t<div class=\"e-gallery-image elementor-gallery-item__image\" data-thumbnail=\"https:\/\/themelium.com\/wp-content\/uploads\/2025\/11\/VERGEL_GESHA_13-scaled.webp\" data-width=\"2560\" data-height=\"1707\" aria-label=\"\" role=\"img\" ><\/div>\n\t\t\t\t\t\t\t\t\t\t\t<div class=\"elementor-gallery-item__overlay\"><\/div>\n\t\t\t\t\t\t\t\t\t\t\t\t\t\t<\/a>\n\t\t\t\t\t\t\t<a class=\"e-gallery-item elementor-gallery-item elementor-animated-content\" href=\"https:\/\/themelium.com\/wp-content\/uploads\/2025\/11\/IMG_2251-scaled.webp\" data-elementor-open-lightbox=\"yes\" data-elementor-lightbox-slideshow=\"13a1353\" data-e-action-hash=\"#elementor-action%3Aaction%3Dlightbox%26settings%3DeyJpZCI6MzA2MiwidXJsIjoiaHR0cHM6XC9cL3RoZW1lbGl1bS5jb21cL3dwLWNvbnRlbnRcL3VwbG9hZHNcLzIwMjVcLzExXC9JTUdfMjI1MS1zY2FsZWQud2VicCIsInNsaWRlc2hvdyI6IjEzYTEzNTMifQ%3D%3D\">\n\t\t\t\t\t<div class=\"e-gallery-image elementor-gallery-item__image\" data-thumbnail=\"https:\/\/themelium.com\/wp-content\/uploads\/2025\/11\/IMG_2251-scaled.webp\" data-width=\"2560\" data-height=\"1707\" aria-label=\"\" role=\"img\" ><\/div>\n\t\t\t\t\t\t\t\t\t\t\t<div class=\"elementor-gallery-item__overlay\"><\/div>\n\t\t\t\t\t\t\t\t\t\t\t\t\t\t<\/a>\n\t\t\t\t\t\t\t<a class=\"e-gallery-item elementor-gallery-item elementor-animated-content\" href=\"https:\/\/themelium.com\/wp-content\/uploads\/2025\/11\/VERGEL_GESHA_15-scaled.webp\" data-elementor-open-lightbox=\"yes\" data-elementor-lightbox-slideshow=\"13a1353\" data-e-action-hash=\"#elementor-action%3Aaction%3Dlightbox%26settings%3DeyJpZCI6MzA1OCwidXJsIjoiaHR0cHM6XC9cL3RoZW1lbGl1bS5jb21cL3dwLWNvbnRlbnRcL3VwbG9hZHNcLzIwMjVcLzExXC9WRVJHRUxfR0VTSEFfMTUtc2NhbGVkLndlYnAiLCJzbGlkZXNob3ciOiIxM2ExMzUzIn0%3D\">\n\t\t\t\t\t<div class=\"e-gallery-image elementor-gallery-item__image\" data-thumbnail=\"https:\/\/themelium.com\/wp-content\/uploads\/2025\/11\/VERGEL_GESHA_15-scaled.webp\" data-width=\"2560\" data-height=\"1707\" aria-label=\"\" role=\"img\" ><\/div>\n\t\t\t\t\t\t\t\t\t\t\t<div class=\"elementor-gallery-item__overlay\"><\/div>\n\t\t\t\t\t\t\t\t\t\t\t\t\t\t<\/a>\n\t\t\t\t\t\t\t<a class=\"e-gallery-item elementor-gallery-item elementor-animated-content\" href=\"https:\/\/themelium.com\/wp-content\/uploads\/2025\/11\/IMG_2259-scaled.webp\" data-elementor-open-lightbox=\"yes\" data-elementor-lightbox-slideshow=\"13a1353\" data-e-action-hash=\"#elementor-action%3Aaction%3Dlightbox%26settings%3DeyJpZCI6MzA2MSwidXJsIjoiaHR0cHM6XC9cL3RoZW1lbGl1bS5jb21cL3dwLWNvbnRlbnRcL3VwbG9hZHNcLzIwMjVcLzExXC9JTUdfMjI1OS1zY2FsZWQud2VicCIsInNsaWRlc2hvdyI6IjEzYTEzNTMifQ%3D%3D\">\n\t\t\t\t\t<div class=\"e-gallery-image elementor-gallery-item__image\" data-thumbnail=\"https:\/\/themelium.com\/wp-content\/uploads\/2025\/11\/IMG_2259-scaled.webp\" data-width=\"2560\" data-height=\"1707\" aria-label=\"\" role=\"img\" ><\/div>\n\t\t\t\t\t\t\t\t\t\t\t<div class=\"elementor-gallery-item__overlay\"><\/div>\n\t\t\t\t\t\t\t\t\t\t\t\t\t\t<\/a>\n\t\t\t\t\t\t\t<a class=\"e-gallery-item elementor-gallery-item elementor-animated-content\" href=\"https:\/\/themelium.com\/wp-content\/uploads\/2025\/07\/2151762341-min.jpg\" data-elementor-open-lightbox=\"yes\" data-elementor-lightbox-slideshow=\"13a1353\" data-e-action-hash=\"#elementor-action%3Aaction%3Dlightbox%26settings%3DeyJpZCI6MjYxNSwidXJsIjoiaHR0cHM6XC9cL3RoZW1lbGl1bS5jb21cL3dwLWNvbnRlbnRcL3VwbG9hZHNcLzIwMjVcLzA3XC8yMTUxNzYyMzQxLW1pbi5qcGciLCJzbGlkZXNob3ciOiIxM2ExMzUzIn0%3D\">\n\t\t\t\t\t<div class=\"e-gallery-image elementor-gallery-item__image\" data-thumbnail=\"https:\/\/themelium.com\/wp-content\/uploads\/2025\/07\/2151762341-min.jpg\" data-width=\"1500\" data-height=\"844\" aria-label=\"\" role=\"img\" ><\/div>\n\t\t\t\t\t\t\t\t\t\t\t<div class=\"elementor-gallery-item__overlay\"><\/div>\n\t\t\t\t\t\t\t\t\t\t\t\t\t\t<\/a>\n\t\t\t\t\t\t\t<a class=\"e-gallery-item elementor-gallery-item elementor-animated-content\" href=\"https:\/\/themelium.com\/wp-content\/uploads\/2025\/11\/2148093887-min.jpg\" data-elementor-open-lightbox=\"yes\" data-elementor-lightbox-slideshow=\"13a1353\" data-e-action-hash=\"#elementor-action%3Aaction%3Dlightbox%26settings%3DeyJpZCI6MzE5OCwidXJsIjoiaHR0cHM6XC9cL3RoZW1lbGl1bS5jb21cL3dwLWNvbnRlbnRcL3VwbG9hZHNcLzIwMjVcLzExXC8yMTQ4MDkzODg3LW1pbi5qcGciLCJzbGlkZXNob3ciOiIxM2ExMzUzIn0%3D\">\n\t\t\t\t\t<div class=\"e-gallery-image elementor-gallery-item__image\" data-thumbnail=\"https:\/\/themelium.com\/wp-content\/uploads\/2025\/11\/2148093887-min.jpg\" data-width=\"1000\" data-height=\"1500\" aria-label=\"\" role=\"img\" ><\/div>\n\t\t\t\t\t\t\t\t\t\t\t<div class=\"elementor-gallery-item__overlay\"><\/div>\n\t\t\t\t\t\t\t\t\t\t\t\t\t\t<\/a>\n\t\t\t\t\t\t\t<a class=\"e-gallery-item elementor-gallery-item elementor-animated-content\" href=\"https:\/\/themelium.com\/wp-content\/uploads\/2025\/11\/VERGEL_GESHA_18-scaled.webp\" data-elementor-open-lightbox=\"yes\" data-elementor-lightbox-slideshow=\"13a1353\" data-e-action-hash=\"#elementor-action%3Aaction%3Dlightbox%26settings%3DeyJpZCI6MzA1OSwidXJsIjoiaHR0cHM6XC9cL3RoZW1lbGl1bS5jb21cL3dwLWNvbnRlbnRcL3VwbG9hZHNcLzIwMjVcLzExXC9WRVJHRUxfR0VTSEFfMTgtc2NhbGVkLndlYnAiLCJzbGlkZXNob3ciOiIxM2ExMzUzIn0%3D\">\n\t\t\t\t\t<div class=\"e-gallery-image elementor-gallery-item__image\" data-thumbnail=\"https:\/\/themelium.com\/wp-content\/uploads\/2025\/11\/VERGEL_GESHA_18-scaled.webp\" data-width=\"2560\" data-height=\"1707\" aria-label=\"\" role=\"img\" ><\/div>\n\t\t\t\t\t\t\t\t\t\t\t<div class=\"elementor-gallery-item__overlay\"><\/div>\n\t\t\t\t\t\t\t\t\t\t\t\t\t\t<\/a>\n\t\t\t\t\t\t\t<a class=\"e-gallery-item elementor-gallery-item elementor-animated-content\" href=\"https:\/\/themelium.com\/wp-content\/uploads\/2025\/11\/20603-min.jpg\" data-elementor-open-lightbox=\"yes\" data-elementor-lightbox-slideshow=\"13a1353\" data-e-action-hash=\"#elementor-action%3Aaction%3Dlightbox%26settings%3DeyJpZCI6MzE5MSwidXJsIjoiaHR0cHM6XC9cL3RoZW1lbGl1bS5jb21cL3dwLWNvbnRlbnRcL3VwbG9hZHNcLzIwMjVcLzExXC8yMDYwMy1taW4uanBnIiwic2xpZGVzaG93IjoiMTNhMTM1MyJ9\">\n\t\t\t\t\t<div class=\"e-gallery-image elementor-gallery-item__image\" data-thumbnail=\"https:\/\/themelium.com\/wp-content\/uploads\/2025\/11\/20603-min.jpg\" data-width=\"1001\" data-height=\"1500\" aria-label=\"\" role=\"img\" ><\/div>\n\t\t\t\t\t\t\t\t\t\t\t<div class=\"elementor-gallery-item__overlay\"><\/div>\n\t\t\t\t\t\t\t\t\t\t\t\t\t\t<\/a>\n\t\t\t\t\t\t\t<a class=\"e-gallery-item elementor-gallery-item elementor-animated-content\" href=\"https:\/\/themelium.com\/wp-content\/uploads\/2025\/11\/VERGEL_GESHA_16-scaled.webp\" data-elementor-open-lightbox=\"yes\" data-elementor-lightbox-slideshow=\"13a1353\" data-e-action-hash=\"#elementor-action%3Aaction%3Dlightbox%26settings%3DeyJpZCI6MzA1NiwidXJsIjoiaHR0cHM6XC9cL3RoZW1lbGl1bS5jb21cL3dwLWNvbnRlbnRcL3VwbG9hZHNcLzIwMjVcLzExXC9WRVJHRUxfR0VTSEFfMTYtc2NhbGVkLndlYnAiLCJzbGlkZXNob3ciOiIxM2ExMzUzIn0%3D\">\n\t\t\t\t\t<div class=\"e-gallery-image elementor-gallery-item__image\" data-thumbnail=\"https:\/\/themelium.com\/wp-content\/uploads\/2025\/11\/VERGEL_GESHA_16-scaled.webp\" data-width=\"2560\" data-height=\"1707\" aria-label=\"\" role=\"img\" ><\/div>\n\t\t\t\t\t\t\t\t\t\t\t<div class=\"elementor-gallery-item__overlay\"><\/div>\n\t\t\t\t\t\t\t\t\t\t\t\t\t\t<\/a>\n\t\t\t\t\t\t\t<a class=\"e-gallery-item elementor-gallery-item elementor-animated-content\" href=\"https:\/\/themelium.com\/wp-content\/uploads\/2025\/07\/2151711681-min.jpg\" data-elementor-open-lightbox=\"yes\" data-elementor-lightbox-slideshow=\"13a1353\" data-e-action-hash=\"#elementor-action%3Aaction%3Dlightbox%26settings%3DeyJpZCI6MjYxNiwidXJsIjoiaHR0cHM6XC9cL3RoZW1lbGl1bS5jb21cL3dwLWNvbnRlbnRcL3VwbG9hZHNcLzIwMjVcLzA3XC8yMTUxNzExNjgxLW1pbi5qcGciLCJzbGlkZXNob3ciOiIxM2ExMzUzIn0%3D\">\n\t\t\t\t\t<div class=\"e-gallery-image elementor-gallery-item__image\" data-thumbnail=\"https:\/\/themelium.com\/wp-content\/uploads\/2025\/07\/2151711681-min.jpg\" data-width=\"1000\" data-height=\"1500\" aria-label=\"\" role=\"img\" ><\/div>\n\t\t\t\t\t\t\t\t\t\t\t<div class=\"elementor-gallery-item__overlay\"><\/div>\n\t\t\t\t\t\t\t\t\t\t\t\t\t\t<\/a>\n\t\t\t\t\t<\/div>\n\t\t\t\t\t<\/div>\n\t\t\t\t<\/div>\n\t\t\t\t\t<\/div>\n\t\t\t\t<\/div>\n\t\t\t\t<\/div>","protected":false},"excerpt":{"rendered":"<p>Welcome to the visual heart of Themelium&amp;Co. Explore Our Gallery Through each photograph, we invite you to discover the story behind our coffee: its origins, the details, the aesthetics, and the ritual. Images that speak of flavor, dedication, and excellence.<\/p>","protected":false},"author":1,"featured_media":0,"parent":0,"menu_order":0,"comment_status":"closed","ping_status":"closed","template":"","meta":{"_acf_changed":false,"footnotes":""},"class_list":["post-2502","page","type-page","status-publish","hentry"],"acf":[],"_links":{"self":[{"href":"https:\/\/themelium.com\/es\/wp-json\/wp\/v2\/pages\/2502","targetHints":{"allow":["GET"]}}],"collection":[{"href":"https:\/\/themelium.com\/es\/wp-json\/wp\/v2\/pages"}],"about":[{"href":"https:\/\/themelium.com\/es\/wp-json\/wp\/v2\/types\/page"}],"author":[{"embeddable":true,"href":"https:\/\/themelium.com\/es\/wp-json\/wp\/v2\/users\/1"}],"replies":[{"embeddable":true,"href":"https:\/\/themelium.com\/es\/wp-json\/wp\/v2\/comments?post=2502"}],"version-history":[{"count":37,"href":"https:\/\/themelium.com\/es\/wp-json\/wp\/v2\/pages\/2502\/revisions"}],"predecessor-version":[{"id":3355,"href":"https:\/\/themelium.com\/es\/wp-json\/wp\/v2\/pages\/2502\/revisions\/3355"}],"wp:attachment":[{"href":"https:\/\/themelium.com\/es\/wp-json\/wp\/v2\/media?parent=2502"}],"curies":[{"name":"wp","href":"https:\/\/api.w.org\/{rel}","templated":true}]}}