{"id":2994,"date":"2025-09-23T10:09:55","date_gmt":"2025-09-23T10:09:55","guid":{"rendered":"https:\/\/themelium.com\/?page_id=2994"},"modified":"2025-12-10T16:20:43","modified_gmt":"2025-12-10T16:20:43","slug":"subscriptions","status":"publish","type":"page","link":"https:\/\/themelium.com\/es\/subscriptions\/","title":{"rendered":"Suscripciones"},"content":{"rendered":"<style>.elementor-2994 .elementor-element.elementor-element-6f5caa4{--display:flex;--flex-direction:column;--container-widget-width:calc( ( 1 - var( --container-widget-flex-grow ) ) * 100% );--container-widget-height:initial;--container-widget-flex-grow:0;--container-widget-align-self:initial;--flex-wrap-mobile:wrap;--justify-content:center;--align-items:center;--gap:10px 10px;--row-gap:10px;--column-gap:10px;--padding-top:70px;--padding-bottom:70px;--padding-left:10px;--padding-right:10px;}.elementor-2994 .elementor-element.elementor-element-6f5caa4:not(.elementor-motion-effects-element-type-background), .elementor-2994 .elementor-element.elementor-element-6f5caa4 > .elementor-motion-effects-container > .elementor-motion-effects-layer{background-color:var( --e-global-color-a2c40ee );}.elementor-2994 .elementor-element.elementor-element-dc7a54e .elementor-heading-title{font-family:var( --e-global-typography-4dc23a4-font-family ), Sans-serif;font-size:var( --e-global-typography-4dc23a4-font-size );font-weight:var( --e-global-typography-4dc23a4-font-weight );line-height:var( --e-global-typography-4dc23a4-line-height );letter-spacing:var( --e-global-typography-4dc23a4-letter-spacing );word-spacing:var( --e-global-typography-4dc23a4-word-spacing );color:var( --e-global-color-67a0e96 );}.elementor-2994 .elementor-element.elementor-element-dc7a54e > .elementor-widget-container{margin:0px 0px 10px 0px;}.elementor-2994 .elementor-element.elementor-element-dd0818d .elementor-icon-list-item:not(:last-child):after{content:\"\";height:50%;border-color:var( --e-global-color-befb837 );}.elementor-2994 .elementor-element.elementor-element-dd0818d .elementor-icon-list-items:not(.elementor-inline-items) .elementor-icon-list-item:not(:last-child):after{border-block-start-style:solid;border-block-start-width:1px;}.elementor-2994 .elementor-element.elementor-element-dd0818d .elementor-icon-list-items.elementor-inline-items .elementor-icon-list-item:not(:last-child):after{border-inline-start-style:solid;}.elementor-2994 .elementor-element.elementor-element-dd0818d .elementor-inline-items .elementor-icon-list-item:not(:last-child):after{border-inline-start-width:1px;}.elementor-2994 .elementor-element.elementor-element-dd0818d .elementor-icon-list-icon i{transition:color 0.3s;}.elementor-2994 .elementor-element.elementor-element-dd0818d .elementor-icon-list-icon svg{transition:fill 0.3s;}.elementor-2994 .elementor-element.elementor-element-dd0818d{--e-icon-list-icon-size:14px;--icon-vertical-offset:0px;}.elementor-2994 .elementor-element.elementor-element-dd0818d .elementor-icon-list-item > .elementor-icon-list-text, .elementor-2994 .elementor-element.elementor-element-dd0818d .elementor-icon-list-item > a{font-family:\"Montserrat\", Sans-serif;font-size:16px;font-weight:300;text-decoration:none;letter-spacing:0.5px;}.elementor-2994 .elementor-element.elementor-element-dd0818d .elementor-icon-list-text{color:var( --e-global-color-67a0e96 );transition:color 0.3s;}.elementor-2994 .elementor-element.elementor-element-dd0818d .elementor-icon-list-item:hover .elementor-icon-list-text{color:var( --e-global-color-67a0e96 );}.elementor-2994 .elementor-element.elementor-element-e6215fa{--display:flex;--min-height:70vh;--flex-direction:row;--container-widget-width:initial;--container-widget-height:100%;--container-widget-flex-grow:1;--container-widget-align-self:stretch;--flex-wrap-mobile:wrap;--justify-content:space-between;--gap:0px 0px;--row-gap:0px;--column-gap:0px;--padding-top:100px;--padding-bottom:100px;--padding-left:30px;--padding-right:30px;}.elementor-2994 .elementor-element.elementor-element-b40aba0{--display:flex;--justify-content:flex-start;--align-items:center;--container-widget-width:calc( ( 1 - var( --container-widget-flex-grow ) ) * 100% );--border-radius:30px 30px 30px 30px;}.elementor-2994 .elementor-element.elementor-element-b40aba0:not(.elementor-motion-effects-element-type-background), .elementor-2994 .elementor-element.elementor-element-b40aba0 > .elementor-motion-effects-container > .elementor-motion-effects-layer{background-image:url(\"https:\/\/themelium.com\/wp-content\/uploads\/2025\/07\/1050-min.jpg\");background-position:center center;background-size:cover;}.elementor-2994 .elementor-element.elementor-element-db690b1{--spacer-size:50px;}.elementor-2994 .elementor-element.elementor-element-b1a048c{--display:flex;--align-items:flex-start;--container-widget-width:calc( ( 1 - var( --container-widget-flex-grow ) ) * 100% );--gap:15px 15px;--row-gap:15px;--column-gap:15px;--padding-top:40px;--padding-bottom:40px;--padding-left:40px;--padding-right:40px;}.elementor-2994 .elementor-element.elementor-element-d5f4533{text-align:start;}.elementor-2994 .elementor-element.elementor-element-d5f4533 .elementor-heading-title{font-family:var( --e-global-typography-4dc23a4-font-family ), Sans-serif;font-size:var( --e-global-typography-4dc23a4-font-size );font-weight:var( --e-global-typography-4dc23a4-font-weight );line-height:var( --e-global-typography-4dc23a4-line-height );letter-spacing:var( --e-global-typography-4dc23a4-letter-spacing );word-spacing:var( --e-global-typography-4dc23a4-word-spacing );color:var( --e-global-color-67a0e96 );}.elementor-2994 .elementor-element.elementor-element-d5f4533 > .elementor-widget-container{margin:0px 0px 10px 0px;}.elementor-2994 .elementor-element.elementor-element-b0b1202{font-family:var( --e-global-typography-2d6599e-font-family ), Sans-serif;font-size:var( --e-global-typography-2d6599e-font-size );font-weight:var( --e-global-typography-2d6599e-font-weight );line-height:var( --e-global-typography-2d6599e-line-height );letter-spacing:var( --e-global-typography-2d6599e-letter-spacing );word-spacing:var( --e-global-typography-2d6599e-word-spacing );color:var( --e-global-color-67a0e96 );}.elementor-2994 .elementor-element.elementor-element-faee58d .elementor-button-content-wrapper{flex-direction:row;}.elementor-2994 .elementor-element.elementor-element-faee58d .elementor-button{font-family:\"Montserrat\", Sans-serif;font-size:16px;font-weight:300;text-decoration:none;letter-spacing:0.5px;fill:var( --e-global-color-ac3e683 );color:var( --e-global-color-ac3e683 );background-color:var( --e-global-color-67a0e96 );border-radius:30px 30px 30px 30px;}.elementor-2994 .elementor-element.elementor-element-faee58d .elementor-button:hover, .elementor-2994 .elementor-element.elementor-element-faee58d .elementor-button:focus{color:var( --e-global-color-4cedd76 );background-color:var( --e-global-color-67a0e96 );}.elementor-2994 .elementor-element.elementor-element-faee58d .elementor-button:hover svg, .elementor-2994 .elementor-element.elementor-element-faee58d .elementor-button:focus svg{fill:var( --e-global-color-4cedd76 );}.elementor-2994 .elementor-element.elementor-element-e6ec13a{font-family:var( --e-global-typography-2d6599e-font-family ), Sans-serif;font-size:var( --e-global-typography-2d6599e-font-size );font-weight:var( --e-global-typography-2d6599e-font-weight );line-height:var( --e-global-typography-2d6599e-line-height );letter-spacing:var( --e-global-typography-2d6599e-letter-spacing );word-spacing:var( --e-global-typography-2d6599e-word-spacing );color:var( --e-global-color-67a0e96 );}.elementor-2994 .elementor-element.elementor-element-e6ec13a > .elementor-widget-container{margin:0px 0px -15px 0px;}.elementor-2994 .elementor-element.elementor-element-0d7bde0 .elementor-icon-list-items:not(.elementor-inline-items) .elementor-icon-list-item:not(:last-child){padding-block-end:calc(10px\/2);}.elementor-2994 .elementor-element.elementor-element-0d7bde0 .elementor-icon-list-items:not(.elementor-inline-items) .elementor-icon-list-item:not(:first-child){margin-block-start:calc(10px\/2);}.elementor-2994 .elementor-element.elementor-element-0d7bde0 .elementor-icon-list-items.elementor-inline-items .elementor-icon-list-item{margin-inline:calc(10px\/2);}.elementor-2994 .elementor-element.elementor-element-0d7bde0 .elementor-icon-list-items.elementor-inline-items{margin-inline:calc(-10px\/2);}.elementor-2994 .elementor-element.elementor-element-0d7bde0 .elementor-icon-list-items.elementor-inline-items .elementor-icon-list-item:after{inset-inline-end:calc(-10px\/2);}.elementor-2994 .elementor-element.elementor-element-0d7bde0 .elementor-icon-list-icon i{color:var( --e-global-color-4cedd76 );transition:color 0.3s;}.elementor-2994 .elementor-element.elementor-element-0d7bde0 .elementor-icon-list-icon svg{fill:var( --e-global-color-4cedd76 );transition:fill 0.3s;}.elementor-2994 .elementor-element.elementor-element-0d7bde0{--e-icon-list-icon-size:19px;--icon-vertical-offset:0px;}.elementor-2994 .elementor-element.elementor-element-0d7bde0 .elementor-icon-list-item > .elementor-icon-list-text, .elementor-2994 .elementor-element.elementor-element-0d7bde0 .elementor-icon-list-item > a{font-family:var( --e-global-typography-82f0748-font-family ), Sans-serif;font-size:var( --e-global-typography-82f0748-font-size );font-weight:var( --e-global-typography-82f0748-font-weight );line-height:var( --e-global-typography-82f0748-line-height );letter-spacing:var( --e-global-typography-82f0748-letter-spacing );word-spacing:var( --e-global-typography-82f0748-word-spacing );}.elementor-2994 .elementor-element.elementor-element-0d7bde0 .elementor-icon-list-text{color:var( --e-global-color-67a0e96 );transition:color 0.3s;}.elementor-2994 .elementor-element.elementor-element-0d7bde0 > .elementor-widget-container{margin:20px 0px 0px 0px;padding:0px 0px 20px 10px;border-style:solid;border-width:0px 0px 0px 1px;border-color:var( --e-global-color-befb837 );}.elementor-2994 .elementor-element.elementor-element-bb03290{font-family:var( --e-global-typography-2d6599e-font-family ), Sans-serif;font-size:var( --e-global-typography-2d6599e-font-size );font-weight:var( --e-global-typography-2d6599e-font-weight );line-height:var( --e-global-typography-2d6599e-line-height );letter-spacing:var( --e-global-typography-2d6599e-letter-spacing );word-spacing:var( --e-global-typography-2d6599e-word-spacing );color:var( --e-global-color-67a0e96 );}.elementor-2994 .elementor-element.elementor-element-bb03290 > .elementor-widget-container{padding:0px 0px 0px 10px;}:root{--page-title-display:none;}@media(max-width:1024px){.elementor-2994 .elementor-element.elementor-element-6f5caa4{--padding-top:70px;--padding-bottom:10px;--padding-left:20px;--padding-right:20px;}.elementor-2994 .elementor-element.elementor-element-dc7a54e .elementor-heading-title{font-size:var( --e-global-typography-4dc23a4-font-size );line-height:var( --e-global-typography-4dc23a4-line-height );letter-spacing:var( --e-global-typography-4dc23a4-letter-spacing );word-spacing:var( --e-global-typography-4dc23a4-word-spacing );}.elementor-2994 .elementor-element.elementor-element-e6215fa{--min-height:50vh;--padding-top:30px;--padding-bottom:30px;--padding-left:20px;--padding-right:20px;}.elementor-2994 .elementor-element.elementor-element-b40aba0{--padding-top:0px;--padding-bottom:40px;--padding-left:0px;--padding-right:0px;}.elementor-2994 .elementor-element.elementor-element-b1a048c{--padding-top:0px;--padding-bottom:0px;--padding-left:20px;--padding-right:0px;}.elementor-2994 .elementor-element.elementor-element-d5f4533 .elementor-heading-title{font-size:var( --e-global-typography-4dc23a4-font-size );line-height:var( --e-global-typography-4dc23a4-line-height );letter-spacing:var( --e-global-typography-4dc23a4-letter-spacing );word-spacing:var( --e-global-typography-4dc23a4-word-spacing );}.elementor-2994 .elementor-element.elementor-element-b0b1202{font-size:var( --e-global-typography-2d6599e-font-size );line-height:var( --e-global-typography-2d6599e-line-height );letter-spacing:var( --e-global-typography-2d6599e-letter-spacing );word-spacing:var( --e-global-typography-2d6599e-word-spacing );}.elementor-2994 .elementor-element.elementor-element-e6ec13a{font-size:var( --e-global-typography-2d6599e-font-size );line-height:var( --e-global-typography-2d6599e-line-height );letter-spacing:var( --e-global-typography-2d6599e-letter-spacing );word-spacing:var( --e-global-typography-2d6599e-word-spacing );}.elementor-2994 .elementor-element.elementor-element-0d7bde0 .elementor-icon-list-item > .elementor-icon-list-text, .elementor-2994 .elementor-element.elementor-element-0d7bde0 .elementor-icon-list-item > a{font-size:var( --e-global-typography-82f0748-font-size );line-height:var( --e-global-typography-82f0748-line-height );letter-spacing:var( --e-global-typography-82f0748-letter-spacing );word-spacing:var( --e-global-typography-82f0748-word-spacing );}.elementor-2994 .elementor-element.elementor-element-bb03290{font-size:var( --e-global-typography-2d6599e-font-size );line-height:var( --e-global-typography-2d6599e-line-height );letter-spacing:var( --e-global-typography-2d6599e-letter-spacing );word-spacing:var( --e-global-typography-2d6599e-word-spacing );}}@media(max-width:767px){.elementor-2994 .elementor-element.elementor-element-6f5caa4{--padding-top:50px;--padding-bottom:10px;--padding-left:20px;--padding-right:20px;}.elementor-2994 .elementor-element.elementor-element-dc7a54e .elementor-heading-title{font-size:var( --e-global-typography-4dc23a4-font-size );line-height:var( --e-global-typography-4dc23a4-line-height );letter-spacing:var( --e-global-typography-4dc23a4-letter-spacing );word-spacing:var( --e-global-typography-4dc23a4-word-spacing );}.elementor-2994 .elementor-element.elementor-element-e6215fa{--padding-top:50px;--padding-bottom:30px;--padding-left:20px;--padding-right:20px;}.elementor-2994 .elementor-element.elementor-element-b40aba0{--padding-top:0px;--padding-bottom:0px;--padding-left:0px;--padding-right:0px;}.elementor-2994 .elementor-element.elementor-element-b1a048c{--padding-top:0px;--padding-bottom:0px;--padding-left:0px;--padding-right:0px;}.elementor-2994 .elementor-element.elementor-element-d5f4533{text-align:center;}.elementor-2994 .elementor-element.elementor-element-d5f4533 .elementor-heading-title{font-size:var( --e-global-typography-4dc23a4-font-size );line-height:var( --e-global-typography-4dc23a4-line-height );letter-spacing:var( --e-global-typography-4dc23a4-letter-spacing );word-spacing:var( --e-global-typography-4dc23a4-word-spacing );}.elementor-2994 .elementor-element.elementor-element-d5f4533 > .elementor-widget-container{margin:0px 0px 0px 0px;}.elementor-2994 .elementor-element.elementor-element-d5f4533.elementor-element{--align-self:center;}.elementor-2994 .elementor-element.elementor-element-b0b1202{font-size:var( --e-global-typography-2d6599e-font-size );line-height:var( --e-global-typography-2d6599e-line-height );letter-spacing:var( --e-global-typography-2d6599e-letter-spacing );word-spacing:var( --e-global-typography-2d6599e-word-spacing );}.elementor-2994 .elementor-element.elementor-element-e6ec13a{font-size:var( --e-global-typography-2d6599e-font-size );line-height:var( --e-global-typography-2d6599e-line-height );letter-spacing:var( --e-global-typography-2d6599e-letter-spacing );word-spacing:var( --e-global-typography-2d6599e-word-spacing );}.elementor-2994 .elementor-element.elementor-element-0d7bde0 .elementor-icon-list-item > .elementor-icon-list-text, .elementor-2994 .elementor-element.elementor-element-0d7bde0 .elementor-icon-list-item > a{font-size:var( --e-global-typography-82f0748-font-size );line-height:var( --e-global-typography-82f0748-line-height );letter-spacing:var( --e-global-typography-82f0748-letter-spacing );word-spacing:var( --e-global-typography-82f0748-word-spacing );}.elementor-2994 .elementor-element.elementor-element-bb03290{font-size:var( --e-global-typography-2d6599e-font-size );line-height:var( --e-global-typography-2d6599e-line-height );letter-spacing:var( --e-global-typography-2d6599e-letter-spacing );word-spacing:var( --e-global-typography-2d6599e-word-spacing );}}@media(min-width:768px){.elementor-2994 .elementor-element.elementor-element-e6215fa{--content-width:1280px;}.elementor-2994 .elementor-element.elementor-element-b40aba0{--width:60%;}.elementor-2994 .elementor-element.elementor-element-b1a048c{--width:60%;}}@media(max-width:1024px) and (min-width:768px){.elementor-2994 .elementor-element.elementor-element-b40aba0{--width:100%;}.elementor-2994 .elementor-element.elementor-element-b1a048c{--width:100%;}}\/* Start custom CSS for wc-add-to-cart, class: .elementor-element-faee58d *\/.added_to_cart {\r\n  padding: 7px;\r\n  border-radius: 30px;\r\n  font-family: Montserrat, sans-serif;\r\n  text-decoration: none !important;\r\n  margin-top: 10px;\r\n  background-color: black;\r\n  color: white;\r\n  text-decoration: none;\r\n  display: block; \/* Cambia a block para que ocupe todo el ancho y se apilen *\/\r\n  text-align: center;\r\n}\r\n\r\n.added_to_cart:hover {\r\n  color: #7BA05B;\r\n}\/* End custom CSS *\/<\/style>\t\t<div data-elementor-type=\"wp-page\" data-elementor-id=\"2994\" class=\"elementor elementor-2994\" data-elementor-post-type=\"page\">\n\t\t\t\t<div class=\"elementor-element elementor-element-6f5caa4 e-flex e-con-boxed e-con e-parent\" data-id=\"6f5caa4\" data-element_type=\"container\" data-e-type=\"container\" data-settings=\"{&quot;background_background&quot;:&quot;classic&quot;}\">\n\t\t\t\t\t<div class=\"e-con-inner\">\n\t\t\t\t<div class=\"elementor-element elementor-element-dd0818d elementor-icon-list--layout-inline elementor-list-item-link-full_width elementor-widget elementor-widget-icon-list\" data-id=\"dd0818d\" data-element_type=\"widget\" data-e-type=\"widget\" data-widget_type=\"icon-list.default\">\n\t\t\t\t<div class=\"elementor-widget-container\">\n\t\t\t\t\t\t\t<ul class=\"elementor-icon-list-items elementor-inline-items\">\n\t\t\t\t\t\t\t<li class=\"elementor-icon-list-item elementor-inline-item\">\n\t\t\t\t\t\t\t\t\t\t\t<a href=\"https:\/\/themelium.com\/es\">\n\n\t\t\t\t\t\t\t\t\t\t\t<span class=\"elementor-icon-list-text\">Themelium<\/span>\n\t\t\t\t\t\t\t\t\t\t\t<\/a>\n\t\t\t\t\t\t\t\t\t<\/li>\n\t\t\t\t\t\t\t\t<li class=\"elementor-icon-list-item elementor-inline-item\">\n\t\t\t\t\t\t\t\t\t\t<span class=\"elementor-icon-list-text\"><\/span>\n\t\t\t\t\t\t\t\t\t<\/li>\n\t\t\t\t\t\t<\/ul>\n\t\t\t\t\t\t<\/div>\n\t\t\t\t<\/div>\n\t\t\t\t\t<\/div>\n\t\t\t\t<\/div>\n\t\t<div class=\"elementor-element elementor-element-e6215fa e-flex e-con-boxed e-con e-parent\" data-id=\"e6215fa\" data-element_type=\"container\" data-e-type=\"container\">\n\t\t\t\t\t<div class=\"e-con-inner\">\n\t\t<div class=\"elementor-element elementor-element-b40aba0 e-con-full e-flex e-con e-child\" data-id=\"b40aba0\" data-element_type=\"container\" data-e-type=\"container\" data-settings=\"{&quot;background_background&quot;:&quot;classic&quot;}\">\n\t\t\t\t<div class=\"elementor-element elementor-element-db690b1 elementor-widget elementor-widget-spacer\" data-id=\"db690b1\" data-element_type=\"widget\" data-e-type=\"widget\" data-widget_type=\"spacer.default\">\n\t\t\t\t<div class=\"elementor-widget-container\">\n\t\t\t\t\t\t\t<div class=\"elementor-spacer\">\n\t\t\t<div class=\"elementor-spacer-inner\"><\/div>\n\t\t<\/div>\n\t\t\t\t\t\t<\/div>\n\t\t\t\t<\/div>\n\t\t\t\t<\/div>\n\t\t<div class=\"elementor-element elementor-element-b1a048c e-con-full e-flex e-con e-child\" data-id=\"b1a048c\" data-element_type=\"container\" data-e-type=\"container\" data-settings=\"{&quot;background_background&quot;:&quot;classic&quot;}\">\n\t\t\t\t<div class=\"elementor-element elementor-element-d5f4533 elementor-widget elementor-widget-heading\" data-id=\"d5f4533\" data-element_type=\"widget\" data-e-type=\"widget\" data-widget_type=\"heading.default\">\n\t\t\t\t<div class=\"elementor-widget-container\">\n\t\t\t\t\t<h2 class=\"elementor-heading-title elementor-size-default\">Themelium&amp;Co.; Suscripci\u00f3n Premium<\/h2>\t\t\t\t<\/div>\n\t\t\t\t<\/div>\n\t\t\t\t<div class=\"elementor-element elementor-element-b0b1202 elementor-widget elementor-widget-text-editor\" data-id=\"b0b1202\" data-element_type=\"widget\" data-e-type=\"widget\" data-widget_type=\"text-editor.default\">\n\t\t\t\t<div class=\"elementor-widget-container\">\n\t\t\t\t\t\t\t\t\t<p>Est\u00e1 dise\u00f1ada para quienes desean elevar su ritual diario con beneficios exclusivos, acceso prioritario y detalles creados para disfrutar el caf\u00e9 con intenci\u00f3n, elegancia y car\u00e1cter.<\/p>\t\t\t\t\t\t\t\t<\/div>\n\t\t\t\t<\/div>\n\t\t\t\t<div class=\"elementor-element elementor-element-faee58d elementor-widget elementor-widget-wc-add-to-cart\" data-id=\"faee58d\" data-element_type=\"widget\" data-e-type=\"widget\" data-widget_type=\"wc-add-to-cart.default\">\n\t\t\t\t<div class=\"elementor-widget-container\">\n\t\t\t\t\t\t\t\t\t<div class=\"elementor-button-wrapper\">\n\t\t\t\t\t<a rel=\"nofollow\" href=\"\/es\/subscriptions\/?add-to-cart=2991\" data-quantity=\"1\" data-product_id=\"2991\" class=\"product_type_subscription add_to_cart_button ajax_add_to_cart elementor-button elementor-size-sm\" role=\"button\">\n\t\t\t\t\t\t<span class=\"elementor-button-content-wrapper\">\n\t\t\t\t\t\t<span class=\"elementor-button-icon\">\n\t\t\t\t<i aria-hidden=\"true\" class=\"jki jki-coffee-line\"><\/i>\t\t\t<\/span>\n\t\t\t\t\t\t\t\t\t<span class=\"elementor-button-text\">Suscribirse<\/span>\n\t\t\t\t\t<\/span>\n\t\t\t\t\t<\/a>\n\t\t\t\t<\/div>\n\t\t\t\t\t\t\t\t<\/div>\n\t\t\t\t<\/div>\n\t\t\t\t<div class=\"elementor-element elementor-element-e6ec13a elementor-widget elementor-widget-text-editor\" data-id=\"e6ec13a\" data-element_type=\"widget\" data-e-type=\"widget\" data-widget_type=\"text-editor.default\">\n\t\t\t\t<div class=\"elementor-widget-container\">\n\t\t\t\t\t\t\t\t\t<p>Disfruta de nuestros privilegio \u00fanicos:<\/p>\t\t\t\t\t\t\t\t<\/div>\n\t\t\t\t<\/div>\n\t\t\t\t<div class=\"elementor-element elementor-element-0d7bde0 elementor-align-start elementor-mobile-align-start elementor-icon-list--layout-traditional elementor-list-item-link-full_width elementor-widget elementor-widget-icon-list\" data-id=\"0d7bde0\" data-element_type=\"widget\" data-e-type=\"widget\" data-widget_type=\"icon-list.default\">\n\t\t\t\t<div class=\"elementor-widget-container\">\n\t\t\t\t\t\t\t<ul class=\"elementor-icon-list-items\">\n\t\t\t\t\t\t\t<li class=\"elementor-icon-list-item\">\n\t\t\t\t\t\t\t\t\t\t\t<span class=\"elementor-icon-list-icon\">\n\t\t\t\t\t\t\t<i aria-hidden=\"true\" class=\"jki jki-check-circle-line\"><\/i>\t\t\t\t\t\t<\/span>\n\t\t\t\t\t\t\t\t\t\t<span class=\"elementor-icon-list-text\">10% de descuento permanente En todas tus compras, siempre.<\/span>\n\t\t\t\t\t\t\t\t\t<\/li>\n\t\t\t\t\t\t\t\t<li class=\"elementor-icon-list-item\">\n\t\t\t\t\t\t\t\t\t\t\t<span class=\"elementor-icon-list-icon\">\n\t\t\t\t\t\t\t<i aria-hidden=\"true\" class=\"jki jki-check-circle-line\"><\/i>\t\t\t\t\t\t<\/span>\n\t\t\t\t\t\t\t\t\t\t<span class=\"elementor-icon-list-text\">Env\u00edo gratis Recibe tus productos sin coste adicional en cada pedido.<\/span>\n\t\t\t\t\t\t\t\t\t<\/li>\n\t\t\t\t\t\t\t\t<li class=\"elementor-icon-list-item\">\n\t\t\t\t\t\t\t\t\t\t\t<span class=\"elementor-icon-list-icon\">\n\t\t\t\t\t\t\t<i aria-hidden=\"true\" class=\"jki jki-check-circle-line\"><\/i>\t\t\t\t\t\t<\/span>\n\t\t\t\t\t\t\t\t\t\t<span class=\"elementor-icon-list-text\">Muestras gratuitas de nuevos productos Prueba antes que nadie nuestras pr\u00f3ximas creaciones.<\/span>\n\t\t\t\t\t\t\t\t\t<\/li>\n\t\t\t\t\t\t\t\t<li class=\"elementor-icon-list-item\">\n\t\t\t\t\t\t\t\t\t\t\t<span class=\"elementor-icon-list-icon\">\n\t\t\t\t\t\t\t<i aria-hidden=\"true\" class=\"jki jki-check-circle-line\"><\/i>\t\t\t\t\t\t<\/span>\n\t\t\t\t\t\t\t\t\t\t<span class=\"elementor-icon-list-text\">Acceso prioritario a ediciones limitadas S\u00e9 de las primeras personas en adquirir nuestros lanzamientos exclusivos.<\/span>\n\t\t\t\t\t\t\t\t\t<\/li>\n\t\t\t\t\t\t\t\t<li class=\"elementor-icon-list-item\">\n\t\t\t\t\t\t\t\t\t\t\t<span class=\"elementor-icon-list-icon\">\n\t\t\t\t\t\t\t<i aria-hidden=\"true\" class=\"jki jki-check-circle-line\"><\/i>\t\t\t\t\t\t<\/span>\n\t\t\t\t\t\t\t\t\t\t<span class=\"elementor-icon-list-text\">Acceso a micro-lotes privados Caf\u00e9s \u00fanicos, seleccionados especialmente para los miembros Premium.<\/span>\n\t\t\t\t\t\t\t\t\t<\/li>\n\t\t\t\t\t\t\t\t<li class=\"elementor-icon-list-item\">\n\t\t\t\t\t\t\t\t\t\t\t<span class=\"elementor-icon-list-icon\">\n\t\t\t\t\t\t\t<i aria-hidden=\"true\" class=\"jki jki-check-circle-line\"><\/i>\t\t\t\t\t\t<\/span>\n\t\t\t\t\t\t\t\t\t\t<span class=\"elementor-icon-list-text\">Regalos de temporada Detalles especiales a lo largo del a\u00f1o para celebrar contigo momentos significativos.<\/span>\n\t\t\t\t\t\t\t\t\t<\/li>\n\t\t\t\t\t\t<\/ul>\n\t\t\t\t\t\t<\/div>\n\t\t\t\t<\/div>\n\t\t\t\t<div class=\"elementor-element elementor-element-bb03290 elementor-widget elementor-widget-text-editor\" data-id=\"bb03290\" data-element_type=\"widget\" data-e-type=\"widget\" data-widget_type=\"text-editor.default\">\n\t\t\t\t<div class=\"elementor-widget-container\">\n\t\t\t\t\t\t\t\t\t<p>La forma m\u00e1s elegante y accesible de vivir Themelium&amp;Co.; en su m\u00e1xima expresi\u00f3n.<\/p>\t\t\t\t\t\t\t\t<\/div>\n\t\t\t\t<\/div>\n\t\t\t\t<\/div>\n\t\t\t\t\t<\/div>\n\t\t\t\t<\/div>\n\t\t\t\t<\/div>","protected":false},"excerpt":{"rendered":"<p>Themelium Premium Subscription The Themelium&amp;Co; Premium Subscription is crafted for those who want to elevate their daily ritual with exclusive benefits, priority access, and thoughtful details\u2014designed to help you enjoy your coffee with intention, elegance, and character. Subscribe Enjoy unique privileges: 10% off permanently A consistent discount on every purchase you make. Free shipping Receive [&hellip;]<\/p>\n","protected":false},"author":1,"featured_media":0,"parent":0,"menu_order":0,"comment_status":"closed","ping_status":"closed","template":"","meta":{"_acf_changed":false,"footnotes":""},"class_list":["post-2994","page","type-page","status-publish","hentry"],"acf":[],"_links":{"self":[{"href":"https:\/\/themelium.com\/es\/wp-json\/wp\/v2\/pages\/2994","targetHints":{"allow":["GET"]}}],"collection":[{"href":"https:\/\/themelium.com\/es\/wp-json\/wp\/v2\/pages"}],"about":[{"href":"https:\/\/themelium.com\/es\/wp-json\/wp\/v2\/types\/page"}],"author":[{"embeddable":true,"href":"https:\/\/themelium.com\/es\/wp-json\/wp\/v2\/users\/1"}],"replies":[{"embeddable":true,"href":"https:\/\/themelium.com\/es\/wp-json\/wp\/v2\/comments?post=2994"}],"version-history":[{"count":73,"href":"https:\/\/themelium.com\/es\/wp-json\/wp\/v2\/pages\/2994\/revisions"}],"predecessor-version":[{"id":3683,"href":"https:\/\/themelium.com\/es\/wp-json\/wp\/v2\/pages\/2994\/revisions\/3683"}],"wp:attachment":[{"href":"https:\/\/themelium.com\/es\/wp-json\/wp\/v2\/media?parent=2994"}],"curies":[{"name":"wp","href":"https:\/\/api.w.org\/{rel}","templated":true}]}}