{"id":2774,"date":"2025-09-17T14:31:58","date_gmt":"2025-09-17T14:31:58","guid":{"rendered":"https:\/\/themelium.com\/?post_type=product&#038;p=2774"},"modified":"2026-03-18T16:59:49","modified_gmt":"2026-03-18T16:59:49","slug":"themelium-gif-card","status":"publish","type":"product","link":"https:\/\/themelium.com\/es\/producto\/themelium-gif-card\/","title":{"rendered":"Themelium&#038;Co. Gift Card"},"content":{"rendered":"<p data-path-to-node=\"4\">En Themelium&amp;Co; cada caf\u00e9 tiene una historia: la tierra que lo vio nacer, las manos que lo cultivaron y el tostado artesanal que despierta su car\u00e1cter.<\/p>\n<p data-path-to-node=\"4\">Nuestras Tarjetas de Regalo le permiten compartir la historia con aquellos que realmente lo merecen. A trav\u00e9s de ellas, cada persona elige el caf\u00e9 que mejor conecte con su gusto, su momento y su ritual diario. <span class=\"citation-106 citation-end-106\">No es un detalle m\u00e1s: es una experiencia que se siente, que acompa\u00f1a y que se convierte en un\npeque\u00f1o ritual cada ma\u00f1ana<\/span>.<\/p>\n<p data-path-to-node=\"4\">No es solo un regalo.<br \/>\nEs un peque\u00f1o ritual.<br \/>\nUn momento de intenci\u00f3n.<\/p>\n<ul data-path-to-node=\"7\">\n<li>\n<p data-path-to-node=\"7,0,0\">Regala emociones.<\/p>\n<\/li>\n<li>\n<p data-path-to-node=\"7,1,0\">Regala Themelium&amp;Co.;<\/p>\n<\/li>\n<\/ul>","protected":false},"excerpt":{"rendered":"<p data-start=\"118\" data-end=\"319\">Cada caf\u00e9 de Themelium&amp;Co; cuenta una historia de origen, dedicaci\u00f3n y car\u00e1cter.<br \/>\nRegala emociones compartiendo esa experiencia a trav\u00e9s de nuestras Gift Cards, y permite que cada\npersona elija el caf\u00e9 que mejor conecte con su momento, su ritual y su gusto<\/p>","protected":false},"featured_media":3382,"template":"","meta":{"_acf_changed":false},"product_brand":[],"product_cat":[38],"product_tag":[],"giftcard-category":[36],"class_list":{"0":"post-2774","1":"product","2":"type-product","3":"status-publish","4":"has-post-thumbnail","6":"product_cat-gift-cards","7":"giftcard-category-all","9":"first","10":"instock","11":"virtual","12":"taxable","13":"purchasable","14":"product-type-gift-card"},"acf":[],"_links":{"self":[{"href":"https:\/\/themelium.com\/es\/wp-json\/wp\/v2\/product\/2774","targetHints":{"allow":["GET"]}}],"collection":[{"href":"https:\/\/themelium.com\/es\/wp-json\/wp\/v2\/product"}],"about":[{"href":"https:\/\/themelium.com\/es\/wp-json\/wp\/v2\/types\/product"}],"wp:featuredmedia":[{"embeddable":true,"href":"https:\/\/themelium.com\/es\/wp-json\/wp\/v2\/media\/3382"}],"wp:attachment":[{"href":"https:\/\/themelium.com\/es\/wp-json\/wp\/v2\/media?parent=2774"}],"wp:term":[{"taxonomy":"product_brand","embeddable":true,"href":"https:\/\/themelium.com\/es\/wp-json\/wp\/v2\/product_brand?post=2774"},{"taxonomy":"product_cat","embeddable":true,"href":"https:\/\/themelium.com\/es\/wp-json\/wp\/v2\/product_cat?post=2774"},{"taxonomy":"product_tag","embeddable":true,"href":"https:\/\/themelium.com\/es\/wp-json\/wp\/v2\/product_tag?post=2774"},{"taxonomy":"giftcard-category","embeddable":true,"href":"https:\/\/themelium.com\/es\/wp-json\/wp\/v2\/giftcard-category?post=2774"}],"curies":[{"name":"wp","href":"https:\/\/api.w.org\/{rel}","templated":true}]}}