{"id":3437,"date":"2025-11-28T13:12:35","date_gmt":"2025-11-28T13:12:35","guid":{"rendered":"https:\/\/themelium.com\/?post_type=product&#038;p=3437"},"modified":"2026-03-18T10:29:35","modified_gmt":"2026-03-18T10:29:35","slug":"colombia-limited-edition","status":"publish","type":"product","link":"https:\/\/themelium.com\/es\/producto\/colombia-limited-edition\/","title":{"rendered":"Colombia El Vergel \u00b7 Limited Edition"},"content":{"rendered":"<h3>Themelium &amp; Co. \u2013 Colombia El Vergel \u00b7 Limited Edition<\/h3>\n<p>Este caf\u00e9 significa mucho para nosotros. Proviene de El Vergel, una finca familiar en Fresno, Tolima, donde las cerezas de Bourbon Rosado se recolectan a mano en su punto m\u00e1s dulce y se cofermentan con cereza para obtener un sabor intenso, jugoso e inolvidable.<\/p>\n<p>Desde el primer sorbo, se percibe una explosi\u00f3n de fruta \u2014cereza fresca, dulzura tropical, un toque de acidez\u2014, seguida de un final limpio y suave que se siente especial. Es el tipo de caf\u00e9 que te hace reflexionar un momento.<\/p>\n<p>De todos los caf\u00e9s que ofrecemos, este realmente destaca. Es del que estamos m\u00e1s orgullosos. El que reservamos para quienes realmente aman el caf\u00e9. La joya de la corona de toda nuestra colecci\u00f3n.<\/p>\n<p><strong>Especificaciones del producto:<\/strong><\/p>\n<ul>\n<li><strong>Origen<\/strong>: Fresno, Tolima, Colombia<\/li>\n<li><strong>Variedad<\/strong>: Rosa Bourbon<\/li>\n<li><strong>Altitud<\/strong>: 1450\u20131500 masl<\/li>\n<li><strong>Proceso<\/strong>: Anaer\u00f3bico natural \u00b7 Cofermentaci\u00f3n de cerezas<\/li>\n<li><strong>Selecci\u00f3n<\/strong>: Cerezas Bourbon rosadas seleccionadas a mano<\/li>\n<li><strong>Secado<\/strong>: Secado al sol<\/li>\n<li><strong>Notas De Cata<\/strong>: Cereza \u00b7 Sabroso \u00b7 Brillante<\/li>\n<li><strong>Peso Neto:<\/strong>: 12 oz \/ 340 g<\/li>\n<\/ul>\n<p>&nbsp;<\/p>\n<p>Un lote excepcional, lleno de car\u00e1cter, elaborado con esmero de principio a fin. Si buscas algo verdaderamente memorable, este es el tuyo.<\/p>\n<p>&nbsp;<\/p>","protected":false},"excerpt":{"rendered":"<ul>\n<li><strong>Origen<\/strong>: Fresno, Tolima, Colombia<\/li>\n<li><strong>Variedad<\/strong>: Rosa Bourbon<\/li>\n<li><strong>Altitud<\/strong>: 1450\u20131500 masl<\/li>\n<li><strong>Proceso<\/strong>: Anaer\u00f3bico natural \u00b7 Cofermentaci\u00f3n de cerezas<\/li>\n<li><strong>Selecci\u00f3n<\/strong>: Cerezas Bourbon rosadas seleccionadas a mano<\/li>\n<li><strong>Secado<\/strong>: Secado al sol<\/li>\n<li><strong>Notas De Cata<\/strong>: Cereza \u00b7 Sabroso \u00b7 Brillante<\/li>\n<li><strong>Peso Neto:<\/strong>: 12 oz \/ 340 g<\/li>\n<\/ul>","protected":false},"featured_media":3844,"template":"","meta":{"_acf_changed":false},"product_brand":[],"product_cat":[30],"product_tag":[61],"giftcard-category":[],"class_list":{"0":"post-3437","1":"product","2":"type-product","3":"status-publish","4":"has-post-thumbnail","6":"product_cat-coffee","7":"product_tag-limited-edition","8":"has-subscription-plans","10":"first","11":"instock","12":"sale","13":"taxable","14":"shipping-taxable","15":"purchasable","16":"product-type-variable"},"acf":[],"_links":{"self":[{"href":"https:\/\/themelium.com\/es\/wp-json\/wp\/v2\/product\/3437","targetHints":{"allow":["GET"]}}],"collection":[{"href":"https:\/\/themelium.com\/es\/wp-json\/wp\/v2\/product"}],"about":[{"href":"https:\/\/themelium.com\/es\/wp-json\/wp\/v2\/types\/product"}],"wp:featuredmedia":[{"embeddable":true,"href":"https:\/\/themelium.com\/es\/wp-json\/wp\/v2\/media\/3844"}],"wp:attachment":[{"href":"https:\/\/themelium.com\/es\/wp-json\/wp\/v2\/media?parent=3437"}],"wp:term":[{"taxonomy":"product_brand","embeddable":true,"href":"https:\/\/themelium.com\/es\/wp-json\/wp\/v2\/product_brand?post=3437"},{"taxonomy":"product_cat","embeddable":true,"href":"https:\/\/themelium.com\/es\/wp-json\/wp\/v2\/product_cat?post=3437"},{"taxonomy":"product_tag","embeddable":true,"href":"https:\/\/themelium.com\/es\/wp-json\/wp\/v2\/product_tag?post=3437"},{"taxonomy":"giftcard-category","embeddable":true,"href":"https:\/\/themelium.com\/es\/wp-json\/wp\/v2\/giftcard-category?post=3437"}],"curies":[{"name":"wp","href":"https:\/\/api.w.org\/{rel}","templated":true}]}}