{"id":3780,"date":"2026-03-17T10:19:39","date_gmt":"2026-03-17T10:19:39","guid":{"rendered":"https:\/\/themelium.com\/?post_type=product&#038;p=3780"},"modified":"2026-03-18T16:57:12","modified_gmt":"2026-03-18T16:57:12","slug":"themelium-precision-manual-coffee-grinder","status":"publish","type":"product","link":"https:\/\/themelium.com\/es\/producto\/themelium-precision-manual-coffee-grinder\/","title":{"rendered":"Themelium&#038;Co. Precision Manual Coffee Grinder"},"content":{"rendered":"<p data-path-to-node=\"16,0\"><b data-path-to-node=\"16,0\" data-index-in-node=\"0\"><span dir=\"auto\" style=\"vertical-align: inherit;\"><span dir=\"auto\" style=\"vertical-align: inherit;\">Themelium &amp; Co. \u2013 Experiencia de molienda de alta gama<\/span><\/span><\/b><\/p>\n<p data-path-to-node=\"16,1\"><span dir=\"auto\" style=\"vertical-align: inherit;\"><span dir=\"auto\" style=\"vertical-align: inherit;\">El secreto para una taza de caf\u00e9 excepcional comienza con una molienda uniforme. El molinillo de precisi\u00f3n Themelium ha sido desarrollado para proporcionar una molienda consistente y sin esfuerzo, gracias a su sistema de doble rodamiento que minimiza la fricci\u00f3n.<\/span><\/span><\/p>\n<p data-path-to-node=\"16,2\"><span dir=\"auto\" style=\"vertical-align: inherit;\"><span dir=\"auto\" style=\"vertical-align: inherit;\">Su dial numerado permite ajustes precisos en 30 niveles diferentes, adapt\u00e1ndose a cualquier m\u00e9todo de extracci\u00f3n. El cuerpo de aluminio estriado no solo destaca por su dise\u00f1o minimalista, sino que tambi\u00e9n proporciona un agarre firme y antideslizante durante el proceso de molienda. Disponible en acabados <\/span><\/span><b data-path-to-node=\"16,2\" data-index-in-node=\"256\"><span dir=\"auto\" style=\"vertical-align: inherit;\"><span dir=\"auto\" style=\"vertical-align: inherit;\">negro mate<\/span><\/span><\/b><span dir=\"auto\" style=\"vertical-align: inherit;\"><span dir=\"auto\" style=\"vertical-align: inherit;\"> y <\/span><\/span><b data-path-to-node=\"16,2\" data-index-in-node=\"272\"><span dir=\"auto\" style=\"vertical-align: inherit;\"><span dir=\"auto\" style=\"vertical-align: inherit;\">oro champ\u00e1n<\/span><\/span><\/b><span dir=\"auto\" style=\"vertical-align: inherit;\"><span dir=\"auto\" style=\"vertical-align: inherit;\"> , es la herramienta ideal para llevar tu rutina matutina a un nivel profesional.<\/span><\/span><\/p>\n<p data-path-to-node=\"16,3\"><b data-path-to-node=\"16,3\" data-index-in-node=\"0\"><span dir=\"auto\" style=\"vertical-align: inherit;\"><span dir=\"auto\" style=\"vertical-align: inherit;\">Especificaciones del producto:<\/span><\/span><\/b><\/p>\n<ul data-path-to-node=\"16,4\">\n<li>\n<p data-path-to-node=\"16,4,0,0\"><b data-path-to-node=\"16,4,0,0\" data-index-in-node=\"0\"><span dir=\"auto\" style=\"vertical-align: inherit;\"><span dir=\"auto\" style=\"vertical-align: inherit;\">Ajuste:<\/span><\/span><\/b><span dir=\"auto\" style=\"vertical-align: inherit;\"><span dir=\"auto\" style=\"vertical-align: inherit;\"> Dial microm\u00e9trico numerado para un control total.<\/span><\/span><\/p>\n<\/li>\n<li>\n<p data-path-to-node=\"16,4,1,0\"><b data-path-to-node=\"16,4,1,0\" data-index-in-node=\"0\"><span dir=\"auto\" style=\"vertical-align: inherit;\"><span dir=\"auto\" style=\"vertical-align: inherit;\">Material:<\/span><\/span><\/b><span dir=\"auto\" style=\"vertical-align: inherit;\"><span dir=\"auto\" style=\"vertical-align: inherit;\"> Cuerpo de aluminio anodizado y fresas de acero inoxidable de calidad profesional.<\/span><\/span><\/p>\n<\/li>\n<li>\n<p data-path-to-node=\"16,4,2,0\"><b data-path-to-node=\"16,4,2,0\" data-index-in-node=\"0\"><span dir=\"auto\" style=\"vertical-align: inherit;\"><span dir=\"auto\" style=\"vertical-align: inherit;\">Capacidad:<\/span><\/span><\/b><span dir=\"auto\" style=\"vertical-align: inherit;\"><span dir=\"auto\" style=\"vertical-align: inherit;\"> 25 g &#8211; 30 g de granos de caf\u00e9 por carga.<\/span><\/span><\/p>\n<\/li>\n<li>\n<p data-path-to-node=\"16,4,3,0\"><b data-path-to-node=\"16,4,3,0\" data-index-in-node=\"0\"><span dir=\"auto\" style=\"vertical-align: inherit;\"><span dir=\"auto\" style=\"vertical-align: inherit;\">Dise\u00f1o:<\/span><\/span><\/b><span dir=\"auto\" style=\"vertical-align: inherit;\"><span dir=\"auto\" style=\"vertical-align: inherit;\"> Textura estriada antideslizante y mango ergon\u00f3mico de madera.<\/span><\/span><\/p>\n<\/li>\n<li>\n<p data-path-to-node=\"16,4,4,0\"><b data-path-to-node=\"16,4,4,0\" data-index-in-node=\"0\"><span dir=\"auto\" style=\"vertical-align: inherit;\"><span dir=\"auto\" style=\"vertical-align: inherit;\">Portabilidad:<\/span><\/span><\/b><span dir=\"auto\" style=\"vertical-align: inherit;\"><span dir=\"auto\" style=\"vertical-align: inherit;\"> Dise\u00f1o compacto y desmontable, ideal para viajes y uso dom\u00e9stico.<\/span><\/span><\/p>\n<\/li>\n<li>\n<p data-path-to-node=\"16,4,5,0\"><b data-path-to-node=\"16,4,5,0\" data-index-in-node=\"0\"><span dir=\"auto\" style=\"vertical-align: inherit;\"><span dir=\"auto\" style=\"vertical-align: inherit;\">Incluye:<\/span><\/span><\/b><span dir=\"auto\" style=\"vertical-align: inherit;\"><span dir=\"auto\" style=\"vertical-align: inherit;\"> Cepillo de limpieza t\u00e9cnico y estuche de viaje.<\/span><\/span><\/p>\n<\/li>\n<\/ul>","protected":false},"excerpt":{"rendered":"<p data-path-to-node=\"14,0\"><b data-path-to-node=\"14,0\" data-index-in-node=\"0\"><span dir=\"auto\" style=\"vertical-align: inherit;\"><span dir=\"auto\" style=\"vertical-align: inherit;\">Amoladora de precisi\u00f3n Themelium \u00b7 Edici\u00f3n de alto rendimiento<\/span><\/span><\/b><\/p>\n<p data-path-to-node=\"14,1\"><span dir=\"auto\" style=\"vertical-align: inherit;\"><span dir=\"auto\" style=\"vertical-align: inherit;\">Dise\u00f1ado para el amante del caf\u00e9 que exige un control total sobre la molienda. Este molinillo manual de alta precisi\u00f3n cuenta con un sistema de ajuste microm\u00e9trico y muelas de acero inoxidable, lo que permite obtener desde una molienda fina para espresso hasta una molienda gruesa para prensa francesa. Su cuerpo de aluminio estriado de grado aeroespacial ofrece una ergonom\u00eda superior y una est\u00e9tica impecable.<\/span><\/span><\/p>","protected":false},"featured_media":3808,"template":"","meta":{"_acf_changed":false},"product_brand":[],"product_cat":[64],"product_tag":[],"giftcard-category":[],"class_list":{"0":"post-3780","1":"product","2":"type-product","3":"status-publish","4":"has-post-thumbnail","6":"product_cat-brew-tools","8":"first","9":"instock","10":"taxable","11":"shipping-taxable","12":"purchasable","13":"product-type-variable"},"acf":[],"_links":{"self":[{"href":"https:\/\/themelium.com\/es\/wp-json\/wp\/v2\/product\/3780","targetHints":{"allow":["GET"]}}],"collection":[{"href":"https:\/\/themelium.com\/es\/wp-json\/wp\/v2\/product"}],"about":[{"href":"https:\/\/themelium.com\/es\/wp-json\/wp\/v2\/types\/product"}],"wp:featuredmedia":[{"embeddable":true,"href":"https:\/\/themelium.com\/es\/wp-json\/wp\/v2\/media\/3808"}],"wp:attachment":[{"href":"https:\/\/themelium.com\/es\/wp-json\/wp\/v2\/media?parent=3780"}],"wp:term":[{"taxonomy":"product_brand","embeddable":true,"href":"https:\/\/themelium.com\/es\/wp-json\/wp\/v2\/product_brand?post=3780"},{"taxonomy":"product_cat","embeddable":true,"href":"https:\/\/themelium.com\/es\/wp-json\/wp\/v2\/product_cat?post=3780"},{"taxonomy":"product_tag","embeddable":true,"href":"https:\/\/themelium.com\/es\/wp-json\/wp\/v2\/product_tag?post=3780"},{"taxonomy":"giftcard-category","embeddable":true,"href":"https:\/\/themelium.com\/es\/wp-json\/wp\/v2\/giftcard-category?post=3780"}],"curies":[{"name":"wp","href":"https:\/\/api.w.org\/{rel}","templated":true}]}}